{"id":1002,"date":"2020-01-17T15:02:43","date_gmt":"2020-01-17T14:02:43","guid":{"rendered":"https:\/\/www.stabnau.com\/mentions-legales\/"},"modified":"2024-04-17T10:28:30","modified_gmt":"2024-04-17T08:28:30","slug":"impressum","status":"publish","type":"page","link":"https:\/\/stabnau.com\/de\/impressum\/","title":{"rendered":"Impressum"},"content":{"rendered":"<p>Diese Website richtet sich an alle juristischen oder nat\u00fcrlichen Personen, die an der T\u00e4tigkeit und den Dienstleistungen von STABNAU interessiert sind.&nbsp;Alle Informationen dienen ausschlie\u00dflich Informationszwecken und stellen keine Beratung oder ein Serviceangebot dar.<strong>&nbsp;<\/strong><\/p>\n<p><strong>IDENTIT\u00c4T:<\/strong><\/p>\n<p>Herausgeber der Webseite : STABNAU&nbsp;<br \/>Status&nbsp;: Gesellschaft mit beschr\u00e4nkter Haftung nach franz\u00f6sischem Recht (SARL) mit einem Kapital von&nbsp;5 000 \u20ac<br \/>Eingetragen im Handelsregister (RCS) Strasbourg unter der Nummer&nbsp;840 967&nbsp;707<br \/>Umsatzsteuer-Identifikationsnummer UID&nbsp;: FR63 840 967&nbsp;707<br \/>Gesch\u00e4ftst\u00e4tigkeit: Unternehmensberatung (7022Z)<br \/>Firmensitz : 22, rue des Marguerites 67410 Drusenheim, Frankreich<br \/>Telefon : +33 3 69 02 31 85 \u2013 Email :&nbsp;<a href=\"kontakt@stabnau.com\">kontakt@stabnau.com<\/a><br \/>Gesch\u00e4ftsf\u00fchrer: Axel STABNAU<br \/>Verantwortlich f\u00fcr den Inhalt : Axel STABNAU<br \/>Webhoster : Hostpress GmbH, 66571 Eppelborn, Deutschland<\/p>\n<p><strong>EIGENTUMSRECHT :<\/strong><\/p>\n<p>Alle Elemente der Website www.stabnau.com, insbesondere die Texte, Pr\u00e4sentationen, Abbildungen, Bilder, Fotografien und Videos&nbsp;sind das ausschlie\u00dfliche geistige Eigentum des Unternehmens STABNAU.<\/p>\n<p>Bildnachweise: iStock &#8211; unsplash &#8211; pixabay &#8211; Logos und Marken ihrer jeweiligen Besitzern.<\/p>\n<p>In diesem Sinne ist die Darstellung, Vervielf\u00e4ltigung, Einbettung, Verbreitung und Weiterverbreitung dieser Inhalte gem\u00e4\u00df den Bestimmungen von Artikel L 122-4 des frz. Gesetzes \u00fcber geistiges Eigentum untersagt. Jede Person, die dies ohne eine vorherige und ausdr\u00fcckliche Genehmigung des Inhabers dieser Rechte vornimmt, wird mit den in den Artikeln L. 335-2 ff. des Gesetzes \u00fcber das geistige Eigentum vorgesehenen Strafen bestraft.<strong>&nbsp;<\/strong><\/p>\n<p><strong>HAFTUNGSBEFREIUNG:<\/strong><\/p>\n<p>STABNAU unternimmt alle Anstrengungen, kann aber weder die Richtigkeit aller Informationen noch das dauerhafte Funktionieren der Website&nbsp;<a href=\"https:\/\/stabnau.com\/\">www.stabnau.com<\/a>&nbsp;garantieren.&nbsp;<\/p>\n<p>Der Benutzer ist&nbsp;\u00fcber die Risiken, die er bei der Nutzung des Internets eingeht, informiert und \u00fcbernimmt die volle Verantwortung daf\u00fcr. Unabh\u00e4ngig von den erlittenen Sch\u00e4den, einschlie\u00dflich Viren und betr\u00fcgerisches Eindringen, kann der Benutzer der Website in keinem Fall Schadensersatz von der Firma STABNAU verlangen.<\/p>\n<p>Links zu anderen Websites dienen nur der Information, STABNAU kann nicht f\u00fcr den Inhalt verantwortlich gemacht werden, da es sich nicht um den Autor handelt.&nbsp;STABNAU beh\u00e4lt sich das Recht vor, den Inhalt der Website&nbsp;<a href=\"https:\/\/stabnau.com\/\">www.stabnau.com&nbsp;<\/a>zu \u00e4ndern. Eine regelm\u00e4\u00dfige Einsichtnahme wird daher empfohlen.&nbsp;Die Website unterliegt dem franz\u00f6sischen&nbsp;Recht.<\/p>\n","protected":false},"excerpt":{"rendered":"<p>Diese Website richtet sich an alle juristischen oder nat\u00fcrlichen Personen, die an der T\u00e4tigkeit und den Dienstleistungen von STABNAU interessiert sind.&nbsp;Alle Informationen dienen ausschlie\u00dflich Informationszwecken und stellen keine Beratung oder ein Serviceangebot dar.&nbsp; IDENTIT\u00c4T: Herausgeber der Webseite : STABNAU&nbsp;Status&nbsp;: Gesellschaft mit beschr\u00e4nkter Haftung nach franz\u00f6sischem Recht (SARL) mit einem Kapital von&nbsp;5 000 \u20acEingetragen im Handelsregister [&hellip;]<\/p>\n","protected":false},"author":2,"featured_media":0,"parent":0,"menu_order":0,"comment_status":"closed","ping_status":"closed","template":"","meta":{"footnotes":""},"class_list":["post-1002","page","type-page","status-publish","hentry"],"yoast_head":"<!-- This site is optimized with the Yoast SEO Premium plugin v26.9 (Yoast SEO v27.4) - https:\/\/yoast.com\/product\/yoast-seo-premium-wordpress\/ -->\n<title>Impressum - Stabnau<\/title>\n<meta name=\"robots\" content=\"index, follow, max-snippet:-1, max-image-preview:large, max-video-preview:-1\" \/>\n<link rel=\"canonical\" href=\"https:\/\/stabnau.com\/de\/impressum\/\" \/>\n<meta property=\"og:locale\" content=\"de_DE\" \/>\n<meta property=\"og:type\" content=\"article\" \/>\n<meta property=\"og:title\" content=\"Impressum\" \/>\n<meta property=\"og:description\" content=\"Diese Website richtet sich an alle juristischen oder nat\u00fcrlichen Personen, die an der T\u00e4tigkeit und den Dienstleistungen von STABNAU interessiert sind.&nbsp;Alle Informationen dienen ausschlie\u00dflich Informationszwecken und stellen keine Beratung oder ein Serviceangebot dar.&nbsp; IDENTIT\u00c4T: Herausgeber der Webseite : STABNAU&nbsp;Status&nbsp;: Gesellschaft mit beschr\u00e4nkter Haftung nach franz\u00f6sischem Recht (SARL) mit einem Kapital von&nbsp;5 000 \u20acEingetragen im Handelsregister [&hellip;]\" \/>\n<meta property=\"og:url\" content=\"https:\/\/stabnau.com\/de\/impressum\/\" \/>\n<meta property=\"og:site_name\" content=\"Stabnau\" \/>\n<meta property=\"article:modified_time\" content=\"2024-04-17T08:28:30+00:00\" \/>\n<meta name=\"twitter:card\" content=\"summary_large_image\" \/>\n<meta name=\"twitter:label1\" content=\"Gesch\u00e4tzte Lesezeit\" \/>\n\t<meta name=\"twitter:data1\" content=\"2\u00a0Minuten\" \/>\n<script type=\"application\/ld+json\" class=\"yoast-schema-graph\">{\"@context\":\"https:\\\/\\\/schema.org\",\"@graph\":[{\"@type\":\"WebPage\",\"@id\":\"https:\\\/\\\/stabnau.com\\\/de\\\/impressum\\\/\",\"url\":\"https:\\\/\\\/stabnau.com\\\/de\\\/impressum\\\/\",\"name\":\"Impressum - Stabnau\",\"isPartOf\":{\"@id\":\"https:\\\/\\\/stabnau.com\\\/de\\\/#website\"},\"datePublished\":\"2020-01-17T14:02:43+00:00\",\"dateModified\":\"2024-04-17T08:28:30+00:00\",\"breadcrumb\":{\"@id\":\"https:\\\/\\\/stabnau.com\\\/de\\\/impressum\\\/#breadcrumb\"},\"inLanguage\":\"de\",\"potentialAction\":[{\"@type\":\"ReadAction\",\"target\":[\"https:\\\/\\\/stabnau.com\\\/de\\\/impressum\\\/\"]}]},{\"@type\":\"BreadcrumbList\",\"@id\":\"https:\\\/\\\/stabnau.com\\\/de\\\/impressum\\\/#breadcrumb\",\"itemListElement\":[{\"@type\":\"ListItem\",\"position\":1,\"name\":\"Accueil\",\"item\":\"https:\\\/\\\/stabnau.com\\\/de\\\/home\\\/\"},{\"@type\":\"ListItem\",\"position\":2,\"name\":\"Impressum\"}]},{\"@type\":\"WebSite\",\"@id\":\"https:\\\/\\\/stabnau.com\\\/de\\\/#website\",\"url\":\"https:\\\/\\\/stabnau.com\\\/de\\\/\",\"name\":\"Stabnau\",\"description\":\"D\u00e9veloppement commercial franco-allemand\",\"publisher\":{\"@id\":\"https:\\\/\\\/stabnau.com\\\/de\\\/#organization\"},\"potentialAction\":[{\"@type\":\"SearchAction\",\"target\":{\"@type\":\"EntryPoint\",\"urlTemplate\":\"https:\\\/\\\/stabnau.com\\\/de\\\/?s={search_term_string}\"},\"query-input\":{\"@type\":\"PropertyValueSpecification\",\"valueRequired\":true,\"valueName\":\"search_term_string\"}}],\"inLanguage\":\"de\"},{\"@type\":\"Organization\",\"@id\":\"https:\\\/\\\/stabnau.com\\\/de\\\/#organization\",\"name\":\"Stabnau\",\"url\":\"https:\\\/\\\/stabnau.com\\\/de\\\/\",\"logo\":{\"@type\":\"ImageObject\",\"inLanguage\":\"de\",\"@id\":\"https:\\\/\\\/stabnau.com\\\/de\\\/#\\\/schema\\\/logo\\\/image\\\/\",\"url\":\"https:\\\/\\\/stabnau.com\\\/wp-content\\\/uploads\\\/2022\\\/01\\\/cropped-Stabnau_logo-Stabnau-Business-development.png\",\"contentUrl\":\"https:\\\/\\\/stabnau.com\\\/wp-content\\\/uploads\\\/2022\\\/01\\\/cropped-Stabnau_logo-Stabnau-Business-development.png\",\"width\":1601,\"height\":426,\"caption\":\"Stabnau\"},\"image\":{\"@id\":\"https:\\\/\\\/stabnau.com\\\/de\\\/#\\\/schema\\\/logo\\\/image\\\/\"}}]}<\/script>\n<!-- \/ Yoast SEO Premium plugin. -->","yoast_head_json":{"title":"Impressum - Stabnau","robots":{"index":"index","follow":"follow","max-snippet":"max-snippet:-1","max-image-preview":"max-image-preview:large","max-video-preview":"max-video-preview:-1"},"canonical":"https:\/\/stabnau.com\/de\/impressum\/","og_locale":"de_DE","og_type":"article","og_title":"Impressum","og_description":"Diese Website richtet sich an alle juristischen oder nat\u00fcrlichen Personen, die an der T\u00e4tigkeit und den Dienstleistungen von STABNAU interessiert sind.&nbsp;Alle Informationen dienen ausschlie\u00dflich Informationszwecken und stellen keine Beratung oder ein Serviceangebot dar.&nbsp; IDENTIT\u00c4T: Herausgeber der Webseite : STABNAU&nbsp;Status&nbsp;: Gesellschaft mit beschr\u00e4nkter Haftung nach franz\u00f6sischem Recht (SARL) mit einem Kapital von&nbsp;5 000 \u20acEingetragen im Handelsregister [&hellip;]","og_url":"https:\/\/stabnau.com\/de\/impressum\/","og_site_name":"Stabnau","article_modified_time":"2024-04-17T08:28:30+00:00","twitter_card":"summary_large_image","twitter_misc":{"Gesch\u00e4tzte Lesezeit":"2\u00a0Minuten"},"schema":{"@context":"https:\/\/schema.org","@graph":[{"@type":"WebPage","@id":"https:\/\/stabnau.com\/de\/impressum\/","url":"https:\/\/stabnau.com\/de\/impressum\/","name":"Impressum - Stabnau","isPartOf":{"@id":"https:\/\/stabnau.com\/de\/#website"},"datePublished":"2020-01-17T14:02:43+00:00","dateModified":"2024-04-17T08:28:30+00:00","breadcrumb":{"@id":"https:\/\/stabnau.com\/de\/impressum\/#breadcrumb"},"inLanguage":"de","potentialAction":[{"@type":"ReadAction","target":["https:\/\/stabnau.com\/de\/impressum\/"]}]},{"@type":"BreadcrumbList","@id":"https:\/\/stabnau.com\/de\/impressum\/#breadcrumb","itemListElement":[{"@type":"ListItem","position":1,"name":"Accueil","item":"https:\/\/stabnau.com\/de\/home\/"},{"@type":"ListItem","position":2,"name":"Impressum"}]},{"@type":"WebSite","@id":"https:\/\/stabnau.com\/de\/#website","url":"https:\/\/stabnau.com\/de\/","name":"Stabnau","description":"D\u00e9veloppement commercial franco-allemand","publisher":{"@id":"https:\/\/stabnau.com\/de\/#organization"},"potentialAction":[{"@type":"SearchAction","target":{"@type":"EntryPoint","urlTemplate":"https:\/\/stabnau.com\/de\/?s={search_term_string}"},"query-input":{"@type":"PropertyValueSpecification","valueRequired":true,"valueName":"search_term_string"}}],"inLanguage":"de"},{"@type":"Organization","@id":"https:\/\/stabnau.com\/de\/#organization","name":"Stabnau","url":"https:\/\/stabnau.com\/de\/","logo":{"@type":"ImageObject","inLanguage":"de","@id":"https:\/\/stabnau.com\/de\/#\/schema\/logo\/image\/","url":"https:\/\/stabnau.com\/wp-content\/uploads\/2022\/01\/cropped-Stabnau_logo-Stabnau-Business-development.png","contentUrl":"https:\/\/stabnau.com\/wp-content\/uploads\/2022\/01\/cropped-Stabnau_logo-Stabnau-Business-development.png","width":1601,"height":426,"caption":"Stabnau"},"image":{"@id":"https:\/\/stabnau.com\/de\/#\/schema\/logo\/image\/"}}]}},"_links":{"self":[{"href":"https:\/\/stabnau.com\/de\/wp-json\/wp\/v2\/pages\/1002","targetHints":{"allow":["GET"]}}],"collection":[{"href":"https:\/\/stabnau.com\/de\/wp-json\/wp\/v2\/pages"}],"about":[{"href":"https:\/\/stabnau.com\/de\/wp-json\/wp\/v2\/types\/page"}],"author":[{"embeddable":true,"href":"https:\/\/stabnau.com\/de\/wp-json\/wp\/v2\/users\/2"}],"replies":[{"embeddable":true,"href":"https:\/\/stabnau.com\/de\/wp-json\/wp\/v2\/comments?post=1002"}],"version-history":[{"count":12,"href":"https:\/\/stabnau.com\/de\/wp-json\/wp\/v2\/pages\/1002\/revisions"}],"predecessor-version":[{"id":7076,"href":"https:\/\/stabnau.com\/de\/wp-json\/wp\/v2\/pages\/1002\/revisions\/7076"}],"wp:attachment":[{"href":"https:\/\/stabnau.com\/de\/wp-json\/wp\/v2\/media?parent=1002"}],"curies":[{"name":"wp","href":"https:\/\/api.w.org\/{rel}","templated":true}]}}