{"id":6311,"date":"2024-03-20T10:26:04","date_gmt":"2024-03-20T09:26:04","guid":{"rendered":"https:\/\/staging.stabnau.com\/?page_id=6311"},"modified":"2026-02-05T10:30:23","modified_gmt":"2026-02-05T09:30:23","slug":"360-grad-analysen","status":"publish","type":"page","link":"https:\/\/stabnau.com\/de\/360-grad-analysen\/","title":{"rendered":"360 Grad Analysen"},"content":{"rendered":"\n<div class=\"wp-block-columns is-layout-flex wp-container-core-columns-is-layout-9d6595d7 wp-block-columns-is-layout-flex\">\n<div class=\"wp-block-column bloc-2col is-layout-flow wp-block-column-is-layout-flow\" style=\"flex-basis:20%\">\n<div class=\"wp-block-columns display-bloc is-layout-flex wp-container-core-columns-is-layout-9d6595d7 wp-block-columns-is-layout-flex\">\n<div class=\"wp-block-column is-layout-flow wp-block-column-is-layout-flow\">\n<figure class=\"wp-block-image is-resized\"><img decoding=\"async\" src=\"https:\/\/stabnau.com\/wp-content\/uploads\/2024\/03\/360-grad-icon1.webp\" alt=\"icon4\" style=\"width:250px;height:auto\"\/><\/figure>\n\n\n\n<h3 class=\"wp-block-heading\" id=\"h-swot-analyse\"><strong>SWOT Analyse:<\/strong><\/h3>\n\n\n\n<p>St\u00e4rken &amp; Schw\u00e4chen erkennen, Chancen &amp; Risiken analysieren \u2013 F\u00fcr klare Strategien.<\/p>\n<\/div>\n\n\n\n<div class=\"wp-block-column is-layout-flow wp-block-column-is-layout-flow\">\n<figure class=\"wp-block-image\"><img decoding=\"async\" src=\"https:\/\/stabnau.com\/wp-content\/uploads\/2024\/03\/360-grad-icon2.webp\" alt=\"icon\"\/><\/figure>\n\n\n\n<h3 class=\"wp-block-heading\" id=\"h-competition\"><strong>Comp\u00e9tition:<\/strong><\/h3>\n\n\n\n<p>Konkurrenz verstehen, Vorteile sichern \u2013 F\u00fcr strategische \u00dcberlegenheit.<\/p>\n<\/div>\n\n\n\n<div class=\"wp-block-column is-layout-flow wp-block-column-is-layout-flow\">\n<figure class=\"wp-block-image\"><img decoding=\"async\" src=\"https:\/\/stabnau.com\/wp-content\/uploads\/2024\/03\/360-grad-icon3.webp\" alt=\"icon\"\/><\/figure>\n\n\n\n<h3 class=\"wp-block-heading\" id=\"h-analyse-du-marche\"><strong style=\"color: var( --e-global-color-2683089d );\">Analyse du march\u00e9:\u00a0<\/strong>\u00a0<\/h3>\n\n\n\n<p>Einblicke gewinnen, Trends verstehen \u2013 F\u00fcr gezielte Marktpositionierung.<\/p>\n<\/div>\n<\/div>\n<\/div>\n\n\n\n<div class=\"wp-block-column is-layout-flow wp-block-column-is-layout-flow\" style=\"flex-basis:66.66%\">\n<h2 class=\"wp-block-heading\" id=\"h-360-unternehmensanalysen-fur-ihren-markterfolg\">360\u00b0 Unternehmensanalysen<br>f\u00fcr Ihren Markterfolg<\/h2>\n\n\n\n<p>Willkommen zu unseren spezialisierten 360\u00b0 Unternehmensanalysen, die essentiell f\u00fcr nachhaltigen Gesch\u00e4ftserfolg und strategische Weitsicht in der komplexen Wirtschaftslandschaft von heute sind.<\/p>\n\n\n\n<p>In einer \u00c4ra, in der fundierte Entscheidungsfindung und Anpassungsf\u00e4higkeit an Marktver\u00e4nderungen unerl\u00e4sslich sind, bieten unsere umfassenden Analysedienstleistungen einen vollst\u00e4ndigen \u00dcberblick \u00fcber alle Facetten Ihres Unternehmens.<\/p>\n\n\n\n<p>Von detaillierten Markt- und Wettbewerbsanalysen bis hin zu eingehenden SWOT- und Performance-Bewertungen, unsere Dienste sind darauf ausgerichtet, kritische Einblicke zu liefern, die strategische Entscheidungen unterst\u00fctzen.<\/p>\n\n\n\n<p>Mit einem tiefen Verst\u00e4ndnis f\u00fcr die Dynamik des Gesch\u00e4ftsumfelds und unter Einsatz fortschrittlicher Analysemethoden zielen wir darauf ab, Optimierungsm\u00f6glichkeiten zu identifizieren, Ihre strategische Ausrichtung zu verfeinern und die Effektivit\u00e4t Ihrer Gesch\u00e4ftsoperationen zu maximieren.<\/p>\n\n\n\n<p>Ob Ihr Ziel die Konsolidierung Ihrer Marktposition, die Steigerung der betrieblichen Effizienz oder die Erschlie\u00dfung neuer Wachstumspfade ist, unsere erfahrenen Analysten bieten ma\u00dfgeschneiderte L\u00f6sungen, die auf Ihre spezifischen Unternehmensziele abgestimmt sind.<\/p>\n\n\n\n<p>Entdecken Sie mit unseren 360\u00b0 Unternehmensanalysen, wie wir Ihnen helfen k\u00f6nnen, Ihre gesch\u00e4ftlichen Ambitionen mit strategischer Klarheit und operativer Exzellenz zu verwirklichen.<\/p>\n\n\n\n<p><\/p>\n<\/div>\n<\/div>\n\n\n\n<div style=\"height:100px\" aria-hidden=\"true\" class=\"wp-block-spacer\"><\/div>\n\n\n\n<div class=\"wp-block-columns bloc-cta is-layout-flex wp-container-core-columns-is-layout-9d6595d7 wp-block-columns-is-layout-flex\">\n<div class=\"wp-block-column is-layout-flow wp-block-column-is-layout-flow\">\n<h2 class=\"wp-block-heading has-text-align-center\" id=\"h-lassen-sie-uns-uber-ihr-projekt-sprechen\">Lassen Sie uns \u00fcber Ihr Projekt sprechen<\/h2>\n\n\n\n<p class=\"has-text-align-center\">Ihr Erfolg beginnt jetzt!<\/p>\n\n\n\n<div class=\"wp-block-columns is-layout-flex wp-container-core-columns-is-layout-9d6595d7 wp-block-columns-is-layout-flex\">\n<div class=\"wp-block-column is-layout-flow wp-block-column-is-layout-flow\">\n<div class=\"wp-block-buttons is-content-justification-right is-layout-flex wp-container-core-buttons-is-layout-765c4724 wp-block-buttons-is-layout-flex\">\n<div class=\"wp-block-button\"><a class=\"wp-block-button__link wp-element-button\" href=\"https:\/\/stabnau.com\/contact\/\">Ich buche online einen Termin.<\/a><\/div>\n<\/div>\n<\/div>\n\n\n\n<div class=\"wp-block-column is-layout-flow wp-block-column-is-layout-flow\">\n<div class=\"wp-block-buttons is-content-justification-left is-layout-flex wp-container-core-buttons-is-layout-fdcfc74e wp-block-buttons-is-layout-flex\">\n<div class=\"wp-block-button cta-tel\"><a class=\"wp-block-button__link wp-element-button\">Ich rufe jetzt an.<\/a><\/div>\n<\/div>\n<\/div>\n<\/div>\n<\/div>\n\n\n\n<div class=\"wp-block-column bloc-tel is-layout-flow wp-block-column-is-layout-flow\">\n<p class=\"has-text-align-center\">Haben Sie eine Frage? <br>Ben\u00f6tigen Sie weitere Informationen?<br><br>Wir antworten Ihnen umgehend.<br><br><strong>+33 3 69 02 31 85\u200b<\/strong><\/p>\n\n\n\n<figure class=\"wp-block-image size-full img-close\"><img loading=\"lazy\" decoding=\"async\" width=\"50\" height=\"50\" src=\"https:\/\/stabnau.com\/wp-content\/uploads\/2026\/01\/close-1.png\" alt=\"\" class=\"wp-image-8239\"\/><\/figure>\n<\/div>\n<\/div>\n\n\n\n<div style=\"height:100px\" aria-hidden=\"true\" class=\"wp-block-spacer\"><\/div>\n\n\n\n<p class=\"has-text-align-center\">St\u00e4rken &amp; Schw\u00e4chen erkennen, Chancen &amp; Risiken analysieren \u2013 F\u00fcr klare Strategien.<\/p>\n\n\n\n<h2 class=\"wp-block-heading has-text-align-center\" id=\"h-strategische-exzellenz-durch-360-unternehmensanalysen-transformieren-sie-ihr-geschaft\">Strategische Exzellenz durch 360\u00b0 Unternehmensanalysen <br>&#8211; Transformieren Sie Ihr Gesch\u00e4ft &#8211;<\/h2>\n\n\n\n<div style=\"height:43px\" aria-hidden=\"true\" class=\"wp-block-spacer\"><\/div>\n\n\n\n<div class=\"wp-block-columns is-layout-flex wp-container-core-columns-is-layout-9d6595d7 wp-block-columns-is-layout-flex\">\n<div class=\"wp-block-column is-layout-flow wp-block-column-is-layout-flow\">\n<p><strong><strong>Marktanalyse<\/strong><\/strong><\/p>\n\n\n\n<p>Unsere Marktanalysen bieten Ihnen Einblicke in die neuesten Trends, Marktdynamiken und Kundenpr\u00e4ferenzen. Wir helfen Ihnen, das Marktpotenzial zu erkennen und Ihre Produkte oder Dienstleistungen optimal zu positionieren, um maximale Reichweite und Akzeptanz zu erzielen.<\/p>\n<\/div>\n\n\n\n<div class=\"wp-block-column is-layout-flow wp-block-column-is-layout-flow\">\n<p><strong><strong>Wettbewerbsanalyse<\/strong><\/strong><\/p>\n\n\n\n<p>Mit unseren Wettbewerbsanalysen erhalten Sie eine detaillierte \u00dcbersicht \u00fcber Ihre Konkurrenten, deren Strategien, St\u00e4rken und Schw\u00e4chen. Dies erm\u00f6glicht es Ihnen, strategische L\u00fccken zu identifizieren und Ihre eigenen Wettbewerbsvorteile zu sch\u00e4rfen, um sich erfolgreich am Markt zu behaupten.<\/p>\n<\/div>\n\n\n\n<div class=\"wp-block-column is-layout-flow wp-block-column-is-layout-flow\">\n<p><strong><strong>Unternehmensbewertung<\/strong><\/strong><\/p>\n\n\n\n<p>Unsere Unternehmensbewertungen bieten Ihnen eine objektive Einsch\u00e4tzung des Wertes Ihres Unternehmens. Dies ist besonders n\u00fctzlich f\u00fcr strategische Entscheidungsfindungen, Fusionen, \u00dcbernahmen und Investitionen.<\/p>\n<\/div>\n<\/div>\n\n\n\n<div class=\"wp-block-columns is-layout-flex wp-container-core-columns-is-layout-9d6595d7 wp-block-columns-is-layout-flex\">\n<div class=\"wp-block-column is-layout-flow wp-block-column-is-layout-flow\">\n<p><strong><strong><strong>SWOT-Analyse<\/strong><\/strong><\/strong><\/p>\n\n\n\n<p>Die SWOT-Analyse ist ein Kernst\u00fcck unseres Dienstleistungsangebots. Durch die Bewertung Ihrer St\u00e4rken, Schw\u00e4chen, Chancen und Bedrohungen entwerfen wir eine Strategie, die es Ihrem Unternehmen erm\u00f6glicht, interne Ressourcen optimal zu nutzen und externe Chancen zu ergreifen, w\u00e4hrend Risiken minimiert werden.<\/p>\n<\/div>\n\n\n\n<div class=\"wp-block-column is-layout-flow wp-block-column-is-layout-flow\">\n<p><strong><strong><strong>Strategische Planung<\/strong><\/strong><\/strong><\/p>\n\n\n\n<p>Basierend auf den Erkenntnissen der vorangegangenen Analysen unterst\u00fctzen wir Sie bei der Entwicklung einer robusten strategischen Planung. Unsere Experten arbeiten eng mit Ihnen zusammen, um sicherzustellen, dass Ihre Gesch\u00e4ftsstrategie nicht nur aktuelle Herausforderungen adressiert, sondern auch zuk\u00fcnftiges Wachstum f\u00f6rdert.<\/p>\n<\/div>\n\n\n\n<div class=\"wp-block-column is-layout-flow wp-block-column-is-layout-flow\">\n<p><strong><strong><strong>Gesch\u00e4ftsoptimierung<\/strong><br><\/strong><\/strong><\/p>\n\n\n\n<p>Wir identifizieren Effizienzsteigerungs- und Optimierungspotenziale innerhalb Ihrer Gesch\u00e4ftsprozesse, um die Leistung zu maximieren und die Kosten zu minimieren. Dies schlie\u00dft die Einf\u00fchrung von Best Practices und die Nutzung von Technologie zur Steigerung der Produktivit\u00e4t ein.<\/p>\n<\/div>\n<\/div>\n\n\n\n<div class=\"wp-block-columns is-layout-flex wp-container-core-columns-is-layout-9d6595d7 wp-block-columns-is-layout-flex\">\n<div class=\"wp-block-column is-layout-flow wp-block-column-is-layout-flow\">\n<p><strong><strong><strong><strong>Performance-Analyse<\/strong><\/strong><\/strong><\/strong><\/p>\n\n\n\n<p>Unsere Performance-Analysen bieten eine detaillierte Bewertung der Leistung Ihrer Gesch\u00e4ftsaktivit\u00e4ten. Durch das Tracking von Key Performance Indicators (KPIs) helfen wir Ihnen, Bereiche f\u00fcr Verbesserungen zu identifizieren und die Gesamtleistung zu steigern.<\/p>\n<\/div>\n\n\n\n<div class=\"wp-block-column is-layout-flow wp-block-column-is-layout-flow\">\n<p><strong><strong><strong><strong>Branchenanalyse<\/strong><\/strong><\/strong><\/strong><\/p>\n\n\n\n<p>Ein tiefer Einblick in Ihre spezifische Branche erm\u00f6glicht es uns, ma\u00dfgeschneiderte Empfehlungen zu geben, die auf den Besonderheiten und Anforderungen Ihrer Branche basieren. Dies umfasst die Analyse von Branchentrends, regulatorischen Rahmenbedingungen und zuk\u00fcnftigen Entwicklungschancen.<\/p>\n<\/div>\n\n\n\n<div class=\"wp-block-column is-layout-flow wp-block-column-is-layout-flow\">\n<p><strong><strong><strong><strong>Risikomanagement<\/strong><\/strong><\/strong><\/strong><\/p>\n\n\n\n<p>Unser Ansatz zum Risikomanagement hilft Ihnen, potenzielle Risiken fr\u00fchzeitig zu erkennen und geeignete Ma\u00dfnahmen zu ergreifen, um diese zu mitigieren. Dies ist entscheidend, um die Nachhaltigkeit und das langfristige Wachstum Ihres Unternehmens zu sichern.<\/p>\n<\/div>\n<\/div>\n\n\n\n<p class=\"has-text-align-center bg-grey\"><br><strong>Unsere 360\u00b0 Unternehmensanalysen sind Ihr Wegweiser in einer sich st\u00e4ndig ver\u00e4ndernden Welt. Lassen Sie uns gemeinsam Ihre gesch\u00e4ftlichen Herausfor<\/strong><\/p>\n\n\n\n<div style=\"height:100px\" aria-hidden=\"true\" class=\"wp-block-spacer\"><\/div>\n","protected":false},"excerpt":{"rendered":"<p>SWOT Analyse: St\u00e4rken &amp; Schw\u00e4chen erkennen, Chancen &amp; Risiken analysieren \u2013 F\u00fcr klare Strategien. Comp\u00e9tition: Konkurrenz verstehen, Vorteile sichern \u2013 F\u00fcr strategische \u00dcberlegenheit. Analyse du march\u00e9:\u00a0\u00a0 Einblicke gewinnen, Trends verstehen \u2013 F\u00fcr gezielte Marktpositionierung. 360\u00b0 Unternehmensanalysenf\u00fcr Ihren Markterfolg Willkommen zu unseren spezialisierten 360\u00b0 Unternehmensanalysen, die essentiell f\u00fcr nachhaltigen Gesch\u00e4ftserfolg und strategische Weitsicht in der komplexen [&hellip;]<\/p>\n","protected":false},"author":4,"featured_media":0,"parent":0,"menu_order":0,"comment_status":"closed","ping_status":"closed","template":"","meta":{"footnotes":""},"class_list":["post-6311","page","type-page","status-publish","hentry"],"yoast_head":"<!-- This site is optimized with the Yoast SEO Premium plugin v26.9 (Yoast SEO v27.4) - https:\/\/yoast.com\/product\/yoast-seo-premium-wordpress\/ -->\n<title>360 Grad Analysen - Stabnau<\/title>\n<meta name=\"description\" content=\"Optimieren Sie Ihre Gesch\u00e4ftsentscheidungen mit unseren umfassenden 360-Grad-Analysen. Gewinnen Sie tiefgreifende Einblicke in Kundenverhalten, Marktrends und Ihre Prozesse.\" \/>\n<meta name=\"robots\" content=\"index, follow, max-snippet:-1, max-image-preview:large, max-video-preview:-1\" \/>\n<link rel=\"canonical\" href=\"https:\/\/stabnau.com\/de\/360-grad-analysen\/\" \/>\n<meta property=\"og:locale\" content=\"de_DE\" \/>\n<meta property=\"og:type\" content=\"article\" \/>\n<meta property=\"og:title\" content=\"360 Grad Analysen\" \/>\n<meta property=\"og:description\" content=\"Optimieren Sie Ihre Gesch\u00e4ftsentscheidungen mit unseren umfassenden 360-Grad-Analysen. Gewinnen Sie tiefgreifende Einblicke in Kundenverhalten, Marktrends und Ihre Prozesse.\" \/>\n<meta property=\"og:url\" content=\"https:\/\/stabnau.com\/de\/360-grad-analysen\/\" \/>\n<meta property=\"og:site_name\" content=\"Stabnau\" \/>\n<meta property=\"article:modified_time\" content=\"2026-02-05T09:30:23+00:00\" \/>\n<meta property=\"og:image\" content=\"https:\/\/stabnau.com\/wp-content\/uploads\/2024\/03\/360-grad-icon1.webp\" \/>\n<meta name=\"twitter:card\" content=\"summary_large_image\" \/>\n<meta name=\"twitter:label1\" content=\"Gesch\u00e4tzte Lesezeit\" \/>\n\t<meta name=\"twitter:data1\" content=\"4\u00a0Minuten\" \/>\n<script type=\"application\/ld+json\" class=\"yoast-schema-graph\">{\"@context\":\"https:\\\/\\\/schema.org\",\"@graph\":[{\"@type\":\"WebPage\",\"@id\":\"https:\\\/\\\/stabnau.com\\\/de\\\/360-grad-analysen\\\/\",\"url\":\"https:\\\/\\\/stabnau.com\\\/de\\\/360-grad-analysen\\\/\",\"name\":\"360 Grad Analysen - Stabnau\",\"isPartOf\":{\"@id\":\"https:\\\/\\\/stabnau.com\\\/de\\\/#website\"},\"primaryImageOfPage\":{\"@id\":\"https:\\\/\\\/stabnau.com\\\/de\\\/360-grad-analysen\\\/#primaryimage\"},\"image\":{\"@id\":\"https:\\\/\\\/stabnau.com\\\/de\\\/360-grad-analysen\\\/#primaryimage\"},\"thumbnailUrl\":\"https:\\\/\\\/stabnau.com\\\/wp-content\\\/uploads\\\/2024\\\/03\\\/360-grad-icon1.webp\",\"datePublished\":\"2024-03-20T09:26:04+00:00\",\"dateModified\":\"2026-02-05T09:30:23+00:00\",\"description\":\"Optimieren Sie Ihre Gesch\u00e4ftsentscheidungen mit unseren umfassenden 360-Grad-Analysen. Gewinnen Sie tiefgreifende Einblicke in Kundenverhalten, Marktrends und Ihre Prozesse.\",\"breadcrumb\":{\"@id\":\"https:\\\/\\\/stabnau.com\\\/de\\\/360-grad-analysen\\\/#breadcrumb\"},\"inLanguage\":\"de\",\"potentialAction\":[{\"@type\":\"ReadAction\",\"target\":[\"https:\\\/\\\/stabnau.com\\\/de\\\/360-grad-analysen\\\/\"]}]},{\"@type\":\"ImageObject\",\"inLanguage\":\"de\",\"@id\":\"https:\\\/\\\/stabnau.com\\\/de\\\/360-grad-analysen\\\/#primaryimage\",\"url\":\"https:\\\/\\\/stabnau.com\\\/wp-content\\\/uploads\\\/2024\\\/03\\\/360-grad-icon1.webp\",\"contentUrl\":\"https:\\\/\\\/stabnau.com\\\/wp-content\\\/uploads\\\/2024\\\/03\\\/360-grad-icon1.webp\"},{\"@type\":\"BreadcrumbList\",\"@id\":\"https:\\\/\\\/stabnau.com\\\/de\\\/360-grad-analysen\\\/#breadcrumb\",\"itemListElement\":[{\"@type\":\"ListItem\",\"position\":1,\"name\":\"Accueil\",\"item\":\"https:\\\/\\\/stabnau.com\\\/de\\\/home\\\/\"},{\"@type\":\"ListItem\",\"position\":2,\"name\":\"360 Grad Analysen\"}]},{\"@type\":\"WebSite\",\"@id\":\"https:\\\/\\\/stabnau.com\\\/de\\\/#website\",\"url\":\"https:\\\/\\\/stabnau.com\\\/de\\\/\",\"name\":\"Stabnau\",\"description\":\"D\u00e9veloppement commercial franco-allemand\",\"publisher\":{\"@id\":\"https:\\\/\\\/stabnau.com\\\/de\\\/#organization\"},\"potentialAction\":[{\"@type\":\"SearchAction\",\"target\":{\"@type\":\"EntryPoint\",\"urlTemplate\":\"https:\\\/\\\/stabnau.com\\\/de\\\/?s={search_term_string}\"},\"query-input\":{\"@type\":\"PropertyValueSpecification\",\"valueRequired\":true,\"valueName\":\"search_term_string\"}}],\"inLanguage\":\"de\"},{\"@type\":\"Organization\",\"@id\":\"https:\\\/\\\/stabnau.com\\\/de\\\/#organization\",\"name\":\"Stabnau\",\"url\":\"https:\\\/\\\/stabnau.com\\\/de\\\/\",\"logo\":{\"@type\":\"ImageObject\",\"inLanguage\":\"de\",\"@id\":\"https:\\\/\\\/stabnau.com\\\/de\\\/#\\\/schema\\\/logo\\\/image\\\/\",\"url\":\"https:\\\/\\\/stabnau.com\\\/wp-content\\\/uploads\\\/2022\\\/01\\\/cropped-Stabnau_logo-Stabnau-Business-development.png\",\"contentUrl\":\"https:\\\/\\\/stabnau.com\\\/wp-content\\\/uploads\\\/2022\\\/01\\\/cropped-Stabnau_logo-Stabnau-Business-development.png\",\"width\":1601,\"height\":426,\"caption\":\"Stabnau\"},\"image\":{\"@id\":\"https:\\\/\\\/stabnau.com\\\/de\\\/#\\\/schema\\\/logo\\\/image\\\/\"}}]}<\/script>\n<!-- \/ Yoast SEO Premium plugin. -->","yoast_head_json":{"title":"360 Grad Analysen - Stabnau","description":"Optimieren Sie Ihre Gesch\u00e4ftsentscheidungen mit unseren umfassenden 360-Grad-Analysen. Gewinnen Sie tiefgreifende Einblicke in Kundenverhalten, Marktrends und Ihre Prozesse.","robots":{"index":"index","follow":"follow","max-snippet":"max-snippet:-1","max-image-preview":"max-image-preview:large","max-video-preview":"max-video-preview:-1"},"canonical":"https:\/\/stabnau.com\/de\/360-grad-analysen\/","og_locale":"de_DE","og_type":"article","og_title":"360 Grad Analysen","og_description":"Optimieren Sie Ihre Gesch\u00e4ftsentscheidungen mit unseren umfassenden 360-Grad-Analysen. Gewinnen Sie tiefgreifende Einblicke in Kundenverhalten, Marktrends und Ihre Prozesse.","og_url":"https:\/\/stabnau.com\/de\/360-grad-analysen\/","og_site_name":"Stabnau","article_modified_time":"2026-02-05T09:30:23+00:00","og_image":[{"url":"https:\/\/stabnau.com\/wp-content\/uploads\/2024\/03\/360-grad-icon1.webp","type":"","width":"","height":""}],"twitter_card":"summary_large_image","twitter_misc":{"Gesch\u00e4tzte Lesezeit":"4\u00a0Minuten"},"schema":{"@context":"https:\/\/schema.org","@graph":[{"@type":"WebPage","@id":"https:\/\/stabnau.com\/de\/360-grad-analysen\/","url":"https:\/\/stabnau.com\/de\/360-grad-analysen\/","name":"360 Grad Analysen - Stabnau","isPartOf":{"@id":"https:\/\/stabnau.com\/de\/#website"},"primaryImageOfPage":{"@id":"https:\/\/stabnau.com\/de\/360-grad-analysen\/#primaryimage"},"image":{"@id":"https:\/\/stabnau.com\/de\/360-grad-analysen\/#primaryimage"},"thumbnailUrl":"https:\/\/stabnau.com\/wp-content\/uploads\/2024\/03\/360-grad-icon1.webp","datePublished":"2024-03-20T09:26:04+00:00","dateModified":"2026-02-05T09:30:23+00:00","description":"Optimieren Sie Ihre Gesch\u00e4ftsentscheidungen mit unseren umfassenden 360-Grad-Analysen. Gewinnen Sie tiefgreifende Einblicke in Kundenverhalten, Marktrends und Ihre Prozesse.","breadcrumb":{"@id":"https:\/\/stabnau.com\/de\/360-grad-analysen\/#breadcrumb"},"inLanguage":"de","potentialAction":[{"@type":"ReadAction","target":["https:\/\/stabnau.com\/de\/360-grad-analysen\/"]}]},{"@type":"ImageObject","inLanguage":"de","@id":"https:\/\/stabnau.com\/de\/360-grad-analysen\/#primaryimage","url":"https:\/\/stabnau.com\/wp-content\/uploads\/2024\/03\/360-grad-icon1.webp","contentUrl":"https:\/\/stabnau.com\/wp-content\/uploads\/2024\/03\/360-grad-icon1.webp"},{"@type":"BreadcrumbList","@id":"https:\/\/stabnau.com\/de\/360-grad-analysen\/#breadcrumb","itemListElement":[{"@type":"ListItem","position":1,"name":"Accueil","item":"https:\/\/stabnau.com\/de\/home\/"},{"@type":"ListItem","position":2,"name":"360 Grad Analysen"}]},{"@type":"WebSite","@id":"https:\/\/stabnau.com\/de\/#website","url":"https:\/\/stabnau.com\/de\/","name":"Stabnau","description":"D\u00e9veloppement commercial franco-allemand","publisher":{"@id":"https:\/\/stabnau.com\/de\/#organization"},"potentialAction":[{"@type":"SearchAction","target":{"@type":"EntryPoint","urlTemplate":"https:\/\/stabnau.com\/de\/?s={search_term_string}"},"query-input":{"@type":"PropertyValueSpecification","valueRequired":true,"valueName":"search_term_string"}}],"inLanguage":"de"},{"@type":"Organization","@id":"https:\/\/stabnau.com\/de\/#organization","name":"Stabnau","url":"https:\/\/stabnau.com\/de\/","logo":{"@type":"ImageObject","inLanguage":"de","@id":"https:\/\/stabnau.com\/de\/#\/schema\/logo\/image\/","url":"https:\/\/stabnau.com\/wp-content\/uploads\/2022\/01\/cropped-Stabnau_logo-Stabnau-Business-development.png","contentUrl":"https:\/\/stabnau.com\/wp-content\/uploads\/2022\/01\/cropped-Stabnau_logo-Stabnau-Business-development.png","width":1601,"height":426,"caption":"Stabnau"},"image":{"@id":"https:\/\/stabnau.com\/de\/#\/schema\/logo\/image\/"}}]}},"_links":{"self":[{"href":"https:\/\/stabnau.com\/de\/wp-json\/wp\/v2\/pages\/6311","targetHints":{"allow":["GET"]}}],"collection":[{"href":"https:\/\/stabnau.com\/de\/wp-json\/wp\/v2\/pages"}],"about":[{"href":"https:\/\/stabnau.com\/de\/wp-json\/wp\/v2\/types\/page"}],"author":[{"embeddable":true,"href":"https:\/\/stabnau.com\/de\/wp-json\/wp\/v2\/users\/4"}],"replies":[{"embeddable":true,"href":"https:\/\/stabnau.com\/de\/wp-json\/wp\/v2\/comments?post=6311"}],"version-history":[{"count":171,"href":"https:\/\/stabnau.com\/de\/wp-json\/wp\/v2\/pages\/6311\/revisions"}],"predecessor-version":[{"id":8341,"href":"https:\/\/stabnau.com\/de\/wp-json\/wp\/v2\/pages\/6311\/revisions\/8341"}],"wp:attachment":[{"href":"https:\/\/stabnau.com\/de\/wp-json\/wp\/v2\/media?parent=6311"}],"curies":[{"name":"wp","href":"https:\/\/api.w.org\/{rel}","templated":true}]}}