{"id":6376,"date":"2024-03-21T13:21:16","date_gmt":"2024-03-21T12:21:16","guid":{"rendered":"https:\/\/staging.stabnau.com\/?page_id=6376"},"modified":"2026-02-12T21:36:42","modified_gmt":"2026-02-12T20:36:42","slug":"ueber-uns","status":"publish","type":"page","link":"https:\/\/stabnau.com\/de\/ueber-uns\/","title":{"rendered":"\u00dcber uns"},"content":{"rendered":"\n<h2 class=\"wp-block-heading\" id=\"h-ihr-experte-fur-geschaftsentwicklung-in-deutschland-frankreich-und-daruber-hinaus\">Ihr Experte f\u00fcr Gesch\u00e4ftsentwicklung in Deutschland,<br>Frankreich und dar\u00fcber hinaus<\/h2>\n\n\n\n<div class=\"wp-block-columns is-layout-flex wp-container-core-columns-is-layout-9d6595d7 wp-block-columns-is-layout-flex\">\n<div class=\"wp-block-column is-layout-flow wp-block-column-is-layout-flow\">\n<p><\/p>\n\n\n\n<figure class=\"wp-block-image is-resized\"><img decoding=\"async\" src=\"https:\/\/stabnau.com\/wp-content\/uploads\/2024\/03\/AxelStabnau-683x1024.webp\" alt=\"\" style=\"aspect-ratio:0.6670011036420187;width:393px;height:auto\"\/><\/figure>\n\n\n\n<p>Vielseitige Expertise, ma\u00dfgeschneidert f\u00fcr Ihr Unternehmen<\/p>\n<\/div>\n\n\n\n<div class=\"wp-block-column is-layout-flow wp-block-column-is-layout-flow\">\n<p>STABNAU ist eine deutsch-franz\u00f6sische Unternehmensberatung, die sich auf die Entwicklung von Unternehmen und deren Gesch\u00e4ftst\u00e4tigkeiten in Frankreich und Deutschland spezialisiert hat.<\/p>\n\n\n\n<p>Die Firma wurde 2018 von <a href=\"https:\/\/www.linkedin.com\/in\/axelstabnau\/\">Axel Stabnau<\/a>, geb\u00fcrtiger Deutsch-Franzose, gegr\u00fcndet und entstand aus einer einfachen Feststellung heraus:<\/p>\n\n\n\n<p>Die Entwicklung der Gesch\u00e4ftst\u00e4tigkeit im Nachbarland ist f\u00fcr viele Unternehmen eine echte Herausforderung.<\/p>\n\n\n\n<p>Deshalb begleiten wir:<\/p>\n\n\n\n<p>\u2022 Deutsche Unternehmen, die in Frankreich erfolgreich sein oder Ihre Gesch\u00e4ftsaktivit\u00e4ten dort ausbauen wollen.<\/p>\n\n\n\n<p>\u2022 Franz\u00f6sische Unternehmen, die sich auf dem deutschen Markt entwickeln und die richtigen Gesch\u00e4ftspartner finden wollen.<\/p>\n\n\n\n<p>Unsere Mission: Gemeinsam mit unseren Kunden die Zukunft gestalten, Bew\u00e4hrtes bewahren und Innovationen wagen.<\/p>\n\n\n\n<p>Unsere Expertise erstreckt sich \u00fcber nationale Grenzen hinweg, um Firmen nicht nur in Deutschland und Frankreich, sondern auch international zu unterst\u00fctzen.<\/p>\n\n\n\n<p>Unser Ansatz kombiniert tiefgreifende Kenntnisse mit einer einzigartigen Mischung aus Kreativit\u00e4t und Zielstrebigkeit.<\/p>\n<\/div>\n<\/div>\n\n\n\n<p><\/p>\n\n\n\n<hr class=\"wp-block-separator has-alpha-channel-opacity\"\/>\n\n\n\n<div class=\"wp-block-columns is-layout-flex wp-container-core-columns-is-layout-9d6595d7 wp-block-columns-is-layout-flex\">\n<div class=\"wp-block-column is-layout-flow wp-block-column-is-layout-flow\" style=\"flex-basis:33.33%\">\n<h2 class=\"wp-block-heading\" id=\"h-breites-netzwerk-fur-individuelle-losungen\"><strong>Breites Netzwerk f\u00fcr individuelle L\u00f6sungen<\/strong><\/h2>\n\n\n\n<p>Durch unser umfangreiches, interdisziplin\u00e4res Netzwerk von Spezialisten bietet STABNAU Zugang zu ma\u00dfgeschneiderter Beratung, die speziell auf die Bed\u00fcrfnisse Ihres Unternehmens abgestimmt ist. Ob in der Bauwirtschaft, in der Industrie, im Handel oder anderen Branchen, Stabnau orchestriert die passenden Expertisen, um Ihr Gesch\u00e4ft voranzutreiben.<\/p>\n<\/div>\n\n\n\n<div class=\"wp-block-column is-layout-flow wp-block-column-is-layout-flow\" style=\"flex-basis:66.66%\">\n<h2 class=\"wp-block-heading\" id=\"h-\"><img loading=\"lazy\" decoding=\"async\" sizes=\"auto, (max-width: 770px) 100vw, 770px\" srcset=\"https:\/\/stabnau.com\/wp-content\/uploads\/2025\/08\/Netzwerk-STABNAU.png 770w, https:\/\/stabnau.com\/wp-content\/uploads\/2025\/08\/Netzwerk-STABNAU-300x231.png 300w, https:\/\/stabnau.com\/wp-content\/uploads\/2025\/08\/Netzwerk-STABNAU-768x591.png 768w\" width=\"770\" height=\"593\" src=\"https:\/\/stabnau.com\/wp-content\/uploads\/2025\/08\/Netzwerk-STABNAU.png\" alt=\"\"><\/h2>\n<\/div>\n<\/div>\n\n\n\n<hr class=\"wp-block-separator has-alpha-channel-opacity\"\/>\n\n\n\n<h2 class=\"wp-block-heading\" id=\"h-effiziente-strategien-fur-ihren-unternehmenserfolg\"><strong>Effiziente Strategien f\u00fcr Ihren Unternehmenserfolg<\/strong><\/h2>\n\n\n\n<p>Unser Ziel ist es, Ihr Unternehmen optimal in der Gesch\u00e4ftsentwicklung zu unterst\u00fctzen und dabei zeiteffiziente und zielorientierte L\u00f6sungen zu liefern. Unser breites Verst\u00e4ndnis f\u00fcr verschiedene M\u00e4rkte erm\u00f6glicht uns, flexibel auf die spezifischen Anforderungen Ihres Unternehmens einzugehen, f\u00fcr Ihre Entwicklungsprojekte und Ihren Erfolg beizutragen.<\/p>\n\n\n\n<hr class=\"wp-block-separator has-alpha-channel-opacity\"\/>\n\n\n\n<h2 class=\"wp-block-heading\" id=\"h-mitgliedschaften\"><strong>Mitgliedschaften<\/strong><\/h2>\n\n\n\n<div class=\"wp-block-columns is-layout-flex wp-container-core-columns-is-layout-9d6595d7 wp-block-columns-is-layout-flex\">\n<div class=\"wp-block-column is-layout-flow wp-block-column-is-layout-flow\">\n<figure class=\"wp-block-image\"><img decoding=\"async\" src=\"https:\/\/stabnau.com\/wp-content\/uploads\/2021\/03\/cyberforum-logo.png\" alt=\"\"\/><\/figure>\n<\/div>\n\n\n\n<div class=\"wp-block-column is-layout-flow wp-block-column-is-layout-flow\">\n<figure class=\"wp-block-image\"><img decoding=\"async\" src=\"https:\/\/stabnau.com\/wp-content\/uploads\/2025\/08\/logo-cafa.jpg\" alt=\"\"\/><\/figure>\n<\/div>\n\n\n\n<div class=\"wp-block-column is-layout-flow wp-block-column-is-layout-flow\">\n<figure class=\"wp-block-image\"><img decoding=\"async\" src=\"https:\/\/stabnau.com\/wp-content\/uploads\/2025\/08\/logo-CSFC.png\" alt=\"\"\/><\/figure>\n<\/div>\n\n\n\n<div class=\"wp-block-column is-layout-flow wp-block-column-is-layout-flow\">\n<figure class=\"wp-block-image\"><img decoding=\"async\" src=\"https:\/\/stabnau.com\/wp-content\/uploads\/2025\/08\/FD-367-basrhin-quadri-1024x480.png\" alt=\"\"\/><\/figure>\n<\/div>\n<\/div>\n\n\n\n<p><br><\/p>\n\n\n\n<div class=\"wp-block-columns is-layout-flex wp-container-core-columns-is-layout-9d6595d7 wp-block-columns-is-layout-flex\">\n<div class=\"wp-block-column bg-grey is-layout-flow wp-block-column-is-layout-flow\">\n<h2 class=\"wp-block-heading has-text-align-center\" id=\"h-vision-mission-amp-werte\">Vision, Mission &amp; Werte<\/h2>\n\n\n\n<p class=\"has-text-align-center\">Unsere Vision ist es, Unternehmen zu bahnbrechendem Erfolg zu f\u00fchren, durch ma\u00dfgeschneiderte Beratung, die auf unseren festen Werten von Integrit\u00e4t, Innovation und Partnerschaft basiert.<\/p>\n<\/div>\n<\/div>\n\n\n\n<div class=\"wp-block-columns bloc-cta is-layout-flex wp-container-core-columns-is-layout-9d6595d7 wp-block-columns-is-layout-flex\">\n<div class=\"wp-block-column is-layout-flow wp-block-column-is-layout-flow\">\n<h2 class=\"wp-block-heading has-text-align-center\" id=\"h-lassen-sie-uns-uber-ihr-projekt-sprechen\">Lassen Sie uns \u00fcber Ihr Projekt sprechen<\/h2>\n\n\n\n<p class=\"has-text-align-center\">Ihr Erfolg beginnt jetzt!<\/p>\n\n\n\n<div class=\"wp-block-columns is-layout-flex wp-container-core-columns-is-layout-9d6595d7 wp-block-columns-is-layout-flex\">\n<div class=\"wp-block-column is-layout-flow wp-block-column-is-layout-flow\">\n<div class=\"wp-block-buttons is-content-justification-right is-layout-flex wp-container-core-buttons-is-layout-765c4724 wp-block-buttons-is-layout-flex\">\n<div class=\"wp-block-button\"><a class=\"wp-block-button__link wp-element-button\" href=\"https:\/\/stabnau.com\/contact\/\">Ich buche online einen Termin.<\/a><\/div>\n<\/div>\n<\/div>\n\n\n\n<div class=\"wp-block-column is-layout-flow wp-block-column-is-layout-flow\">\n<div class=\"wp-block-buttons is-content-justification-left is-layout-flex wp-container-core-buttons-is-layout-fdcfc74e wp-block-buttons-is-layout-flex\">\n<div class=\"wp-block-button cta-tel\"><a class=\"wp-block-button__link wp-element-button\">Ich rufe jetzt an.<\/a><\/div>\n<\/div>\n<\/div>\n<\/div>\n<\/div>\n\n\n\n<div class=\"wp-block-column bloc-tel is-layout-flow wp-block-column-is-layout-flow\">\n<p class=\"has-text-align-center\">Haben Sie eine Frage? <br>Ben\u00f6tigen Sie weitere Informationen?<br><br>Wir antworten Ihnen umgehend.<br><br><strong>+33 3 69 02 31 85\u200b<\/strong><\/p>\n\n\n\n<figure class=\"wp-block-image size-full img-close\"><img loading=\"lazy\" decoding=\"async\" width=\"50\" height=\"50\" src=\"https:\/\/stabnau.com\/wp-content\/uploads\/2026\/01\/close-1.png\" alt=\"\" class=\"wp-image-8239\"\/><\/figure>\n<\/div>\n<\/div>\n\n\n\n<div style=\"height:100px\" aria-hidden=\"true\" class=\"wp-block-spacer\"><\/div>\n","protected":false},"excerpt":{"rendered":"<p>Ihr Experte f\u00fcr Gesch\u00e4ftsentwicklung in Deutschland,Frankreich und dar\u00fcber hinaus Vielseitige Expertise, ma\u00dfgeschneidert f\u00fcr Ihr Unternehmen STABNAU ist eine deutsch-franz\u00f6sische Unternehmensberatung, die sich auf die Entwicklung von Unternehmen und deren Gesch\u00e4ftst\u00e4tigkeiten in Frankreich und Deutschland spezialisiert hat. Die Firma wurde 2018 von Axel Stabnau, geb\u00fcrtiger Deutsch-Franzose, gegr\u00fcndet und entstand aus einer einfachen Feststellung heraus: Die Entwicklung [&hellip;]<\/p>\n","protected":false},"author":4,"featured_media":0,"parent":0,"menu_order":0,"comment_status":"closed","ping_status":"closed","template":"","meta":{"footnotes":""},"class_list":["post-6376","page","type-page","status-publish","hentry"],"yoast_head":"<!-- This site is optimized with the Yoast SEO Premium plugin v26.9 (Yoast SEO v27.4) - https:\/\/yoast.com\/product\/yoast-seo-premium-wordpress\/ -->\n<title>\u00dcber uns - Stabnau<\/title>\n<meta name=\"robots\" content=\"index, follow, max-snippet:-1, max-image-preview:large, max-video-preview:-1\" \/>\n<link rel=\"canonical\" href=\"https:\/\/stabnau.com\/de\/ueber-uns\/\" \/>\n<meta property=\"og:locale\" content=\"de_DE\" \/>\n<meta property=\"og:type\" content=\"article\" \/>\n<meta property=\"og:title\" content=\"\u00dcber uns\" \/>\n<meta property=\"og:description\" content=\"Ihr Experte f\u00fcr Gesch\u00e4ftsentwicklung in Deutschland,Frankreich und dar\u00fcber hinaus Vielseitige Expertise, ma\u00dfgeschneidert f\u00fcr Ihr Unternehmen STABNAU ist eine deutsch-franz\u00f6sische Unternehmensberatung, die sich auf die Entwicklung von Unternehmen und deren Gesch\u00e4ftst\u00e4tigkeiten in Frankreich und Deutschland spezialisiert hat. Die Firma wurde 2018 von Axel Stabnau, geb\u00fcrtiger Deutsch-Franzose, gegr\u00fcndet und entstand aus einer einfachen Feststellung heraus: Die Entwicklung [&hellip;]\" \/>\n<meta property=\"og:url\" content=\"https:\/\/stabnau.com\/de\/ueber-uns\/\" \/>\n<meta property=\"og:site_name\" content=\"Stabnau\" \/>\n<meta property=\"article:modified_time\" content=\"2026-02-12T20:36:42+00:00\" \/>\n<meta property=\"og:image\" content=\"https:\/\/stabnau.com\/wp-content\/uploads\/2024\/03\/AxelStabnau-683x1024.webp\" \/>\n<meta name=\"twitter:card\" content=\"summary_large_image\" \/>\n<meta name=\"twitter:label1\" content=\"Gesch\u00e4tzte Lesezeit\" \/>\n\t<meta name=\"twitter:data1\" content=\"1\u00a0Minute\" \/>\n<script type=\"application\/ld+json\" class=\"yoast-schema-graph\">{\"@context\":\"https:\\\/\\\/schema.org\",\"@graph\":[{\"@type\":\"WebPage\",\"@id\":\"https:\\\/\\\/stabnau.com\\\/de\\\/ueber-uns\\\/\",\"url\":\"https:\\\/\\\/stabnau.com\\\/de\\\/ueber-uns\\\/\",\"name\":\"\u00dcber uns - Stabnau\",\"isPartOf\":{\"@id\":\"https:\\\/\\\/stabnau.com\\\/de\\\/#website\"},\"primaryImageOfPage\":{\"@id\":\"https:\\\/\\\/stabnau.com\\\/de\\\/ueber-uns\\\/#primaryimage\"},\"image\":{\"@id\":\"https:\\\/\\\/stabnau.com\\\/de\\\/ueber-uns\\\/#primaryimage\"},\"thumbnailUrl\":\"https:\\\/\\\/stabnau.com\\\/wp-content\\\/uploads\\\/2024\\\/03\\\/AxelStabnau-683x1024.webp\",\"datePublished\":\"2024-03-21T12:21:16+00:00\",\"dateModified\":\"2026-02-12T20:36:42+00:00\",\"breadcrumb\":{\"@id\":\"https:\\\/\\\/stabnau.com\\\/de\\\/ueber-uns\\\/#breadcrumb\"},\"inLanguage\":\"de\",\"potentialAction\":[{\"@type\":\"ReadAction\",\"target\":[\"https:\\\/\\\/stabnau.com\\\/de\\\/ueber-uns\\\/\"]}]},{\"@type\":\"ImageObject\",\"inLanguage\":\"de\",\"@id\":\"https:\\\/\\\/stabnau.com\\\/de\\\/ueber-uns\\\/#primaryimage\",\"url\":\"https:\\\/\\\/stabnau.com\\\/wp-content\\\/uploads\\\/2024\\\/03\\\/AxelStabnau-683x1024.webp\",\"contentUrl\":\"https:\\\/\\\/stabnau.com\\\/wp-content\\\/uploads\\\/2024\\\/03\\\/AxelStabnau-683x1024.webp\"},{\"@type\":\"BreadcrumbList\",\"@id\":\"https:\\\/\\\/stabnau.com\\\/de\\\/ueber-uns\\\/#breadcrumb\",\"itemListElement\":[{\"@type\":\"ListItem\",\"position\":1,\"name\":\"Accueil\",\"item\":\"https:\\\/\\\/stabnau.com\\\/de\\\/home\\\/\"},{\"@type\":\"ListItem\",\"position\":2,\"name\":\"\u00dcber uns\"}]},{\"@type\":\"WebSite\",\"@id\":\"https:\\\/\\\/stabnau.com\\\/de\\\/#website\",\"url\":\"https:\\\/\\\/stabnau.com\\\/de\\\/\",\"name\":\"Stabnau\",\"description\":\"D\u00e9veloppement commercial franco-allemand\",\"publisher\":{\"@id\":\"https:\\\/\\\/stabnau.com\\\/de\\\/#organization\"},\"potentialAction\":[{\"@type\":\"SearchAction\",\"target\":{\"@type\":\"EntryPoint\",\"urlTemplate\":\"https:\\\/\\\/stabnau.com\\\/de\\\/?s={search_term_string}\"},\"query-input\":{\"@type\":\"PropertyValueSpecification\",\"valueRequired\":true,\"valueName\":\"search_term_string\"}}],\"inLanguage\":\"de\"},{\"@type\":\"Organization\",\"@id\":\"https:\\\/\\\/stabnau.com\\\/de\\\/#organization\",\"name\":\"Stabnau\",\"url\":\"https:\\\/\\\/stabnau.com\\\/de\\\/\",\"logo\":{\"@type\":\"ImageObject\",\"inLanguage\":\"de\",\"@id\":\"https:\\\/\\\/stabnau.com\\\/de\\\/#\\\/schema\\\/logo\\\/image\\\/\",\"url\":\"https:\\\/\\\/stabnau.com\\\/wp-content\\\/uploads\\\/2022\\\/01\\\/cropped-Stabnau_logo-Stabnau-Business-development.png\",\"contentUrl\":\"https:\\\/\\\/stabnau.com\\\/wp-content\\\/uploads\\\/2022\\\/01\\\/cropped-Stabnau_logo-Stabnau-Business-development.png\",\"width\":1601,\"height\":426,\"caption\":\"Stabnau\"},\"image\":{\"@id\":\"https:\\\/\\\/stabnau.com\\\/de\\\/#\\\/schema\\\/logo\\\/image\\\/\"}}]}<\/script>\n<!-- \/ Yoast SEO Premium plugin. -->","yoast_head_json":{"title":"\u00dcber uns - Stabnau","robots":{"index":"index","follow":"follow","max-snippet":"max-snippet:-1","max-image-preview":"max-image-preview:large","max-video-preview":"max-video-preview:-1"},"canonical":"https:\/\/stabnau.com\/de\/ueber-uns\/","og_locale":"de_DE","og_type":"article","og_title":"\u00dcber uns","og_description":"Ihr Experte f\u00fcr Gesch\u00e4ftsentwicklung in Deutschland,Frankreich und dar\u00fcber hinaus Vielseitige Expertise, ma\u00dfgeschneidert f\u00fcr Ihr Unternehmen STABNAU ist eine deutsch-franz\u00f6sische Unternehmensberatung, die sich auf die Entwicklung von Unternehmen und deren Gesch\u00e4ftst\u00e4tigkeiten in Frankreich und Deutschland spezialisiert hat. Die Firma wurde 2018 von Axel Stabnau, geb\u00fcrtiger Deutsch-Franzose, gegr\u00fcndet und entstand aus einer einfachen Feststellung heraus: Die Entwicklung [&hellip;]","og_url":"https:\/\/stabnau.com\/de\/ueber-uns\/","og_site_name":"Stabnau","article_modified_time":"2026-02-12T20:36:42+00:00","og_image":[{"url":"https:\/\/stabnau.com\/wp-content\/uploads\/2024\/03\/AxelStabnau-683x1024.webp","type":"","width":"","height":""}],"twitter_card":"summary_large_image","twitter_misc":{"Gesch\u00e4tzte Lesezeit":"1\u00a0Minute"},"schema":{"@context":"https:\/\/schema.org","@graph":[{"@type":"WebPage","@id":"https:\/\/stabnau.com\/de\/ueber-uns\/","url":"https:\/\/stabnau.com\/de\/ueber-uns\/","name":"\u00dcber uns - Stabnau","isPartOf":{"@id":"https:\/\/stabnau.com\/de\/#website"},"primaryImageOfPage":{"@id":"https:\/\/stabnau.com\/de\/ueber-uns\/#primaryimage"},"image":{"@id":"https:\/\/stabnau.com\/de\/ueber-uns\/#primaryimage"},"thumbnailUrl":"https:\/\/stabnau.com\/wp-content\/uploads\/2024\/03\/AxelStabnau-683x1024.webp","datePublished":"2024-03-21T12:21:16+00:00","dateModified":"2026-02-12T20:36:42+00:00","breadcrumb":{"@id":"https:\/\/stabnau.com\/de\/ueber-uns\/#breadcrumb"},"inLanguage":"de","potentialAction":[{"@type":"ReadAction","target":["https:\/\/stabnau.com\/de\/ueber-uns\/"]}]},{"@type":"ImageObject","inLanguage":"de","@id":"https:\/\/stabnau.com\/de\/ueber-uns\/#primaryimage","url":"https:\/\/stabnau.com\/wp-content\/uploads\/2024\/03\/AxelStabnau-683x1024.webp","contentUrl":"https:\/\/stabnau.com\/wp-content\/uploads\/2024\/03\/AxelStabnau-683x1024.webp"},{"@type":"BreadcrumbList","@id":"https:\/\/stabnau.com\/de\/ueber-uns\/#breadcrumb","itemListElement":[{"@type":"ListItem","position":1,"name":"Accueil","item":"https:\/\/stabnau.com\/de\/home\/"},{"@type":"ListItem","position":2,"name":"\u00dcber uns"}]},{"@type":"WebSite","@id":"https:\/\/stabnau.com\/de\/#website","url":"https:\/\/stabnau.com\/de\/","name":"Stabnau","description":"D\u00e9veloppement commercial franco-allemand","publisher":{"@id":"https:\/\/stabnau.com\/de\/#organization"},"potentialAction":[{"@type":"SearchAction","target":{"@type":"EntryPoint","urlTemplate":"https:\/\/stabnau.com\/de\/?s={search_term_string}"},"query-input":{"@type":"PropertyValueSpecification","valueRequired":true,"valueName":"search_term_string"}}],"inLanguage":"de"},{"@type":"Organization","@id":"https:\/\/stabnau.com\/de\/#organization","name":"Stabnau","url":"https:\/\/stabnau.com\/de\/","logo":{"@type":"ImageObject","inLanguage":"de","@id":"https:\/\/stabnau.com\/de\/#\/schema\/logo\/image\/","url":"https:\/\/stabnau.com\/wp-content\/uploads\/2022\/01\/cropped-Stabnau_logo-Stabnau-Business-development.png","contentUrl":"https:\/\/stabnau.com\/wp-content\/uploads\/2022\/01\/cropped-Stabnau_logo-Stabnau-Business-development.png","width":1601,"height":426,"caption":"Stabnau"},"image":{"@id":"https:\/\/stabnau.com\/de\/#\/schema\/logo\/image\/"}}]}},"_links":{"self":[{"href":"https:\/\/stabnau.com\/de\/wp-json\/wp\/v2\/pages\/6376","targetHints":{"allow":["GET"]}}],"collection":[{"href":"https:\/\/stabnau.com\/de\/wp-json\/wp\/v2\/pages"}],"about":[{"href":"https:\/\/stabnau.com\/de\/wp-json\/wp\/v2\/types\/page"}],"author":[{"embeddable":true,"href":"https:\/\/stabnau.com\/de\/wp-json\/wp\/v2\/users\/4"}],"replies":[{"embeddable":true,"href":"https:\/\/stabnau.com\/de\/wp-json\/wp\/v2\/comments?post=6376"}],"version-history":[{"count":164,"href":"https:\/\/stabnau.com\/de\/wp-json\/wp\/v2\/pages\/6376\/revisions"}],"predecessor-version":[{"id":8388,"href":"https:\/\/stabnau.com\/de\/wp-json\/wp\/v2\/pages\/6376\/revisions\/8388"}],"wp:attachment":[{"href":"https:\/\/stabnau.com\/de\/wp-json\/wp\/v2\/media?parent=6376"}],"curies":[{"name":"wp","href":"https:\/\/api.w.org\/{rel}","templated":true}]}}