{"id":797,"date":"2019-07-18T18:35:14","date_gmt":"2019-07-18T16:35:14","guid":{"rendered":"https:\/\/www.stabnau.com\/confidentialite\/"},"modified":"2020-04-06T16:59:13","modified_gmt":"2020-04-06T14:59:13","slug":"datenschutz","status":"publish","type":"page","link":"https:\/\/stabnau.com\/de\/datenschutz\/","title":{"rendered":"Datenschutz"},"content":{"rendered":"<p>In Frankreich werden die pers\u00f6nlichen Daten insbesondere durch das Gesetz Nr. 78-87 vom 6. Januar 1978, das Gesetz Nr. 2004-801 vom\u00a06. August 2004, durch Artikel L. 226-13 des Strafgesetzbuchs und die europ\u00e4ische Verordnung (EU) 2016\/679 vom 27. April 2016 zum Schutz nat\u00fcrlicher Personen bei der Verarbeitung personenbezogener Daten und zum freien Datenverkehr (DSGVO) gesch\u00fctzt.<\/p>\n<p><b>DATENSCHUTZ<\/b>:\u00a0<\/p>\n<p>Alle Informationen, die sich auf eine nat\u00fcrliche Person beziehen, die direkt oder indirekt mittels einer Kennung oder eines oder mehrerer Elemente, die Ausdruck ihrer Identit\u00e4t sind, identifiziert wird oder identifizierbar ist, sind personenbezogene Daten.\u00a0Dabei kann es sich zum Beispiel um einen Namen, einen Vornahmen, eine E-Mail-Adresse, eine Standortangabe, ein Geburtsdatum, eine IP-Adresse, ein Foto oder ein Social Media-Profil handeln.<\/p>\n<p>In Frankreich liegt die digitale Vollj\u00e4hrigkeit bei 15 Jahren. Vor diesem Alter muss der Benutzer eine elterliche Erlaubnis vorlegen.\u00a0Der Benutzer hat die M\u00f6glichkeit, dem Unternehmen STABNAU personenbezogene Daten mit Hilfe des Formulars auf dieser Website, per E-Mail oder auf dem Postweg zu senden. Die erhobenen personenbezogenen Daten sind ausschlie\u00dflich dem Unternehmen STABNAU vorbehalten, um die Anfrage des Benutzers zu kennen, zu verstehen und zu beantworten.\u00a0Das Unternehmen STABNAU verpflichtet sich, diese Daten zu sch\u00fctzen und vertraulich zu behandeln.<\/p>\n<p>Der Benutzer hat jederzeit die M\u00f6glichkeit, Auskunft \u00fcber seine von STABNAU gespeicherten personenbezogenen Daten zu erhalten,\u00a0sie zu \u00e4ndern, einzuschr\u00e4nken, zu l\u00f6schen oder zur\u00fcckzufordern (in Papierform).<\/p>\n<p>Dazu muss sich der Benutzer ausweisen und seinen Antrag schriftlich per E-Mail stellen: kontakt@stabnau.com\u00a0oder auf dem Postweg an: STABNAU SARL &#8211; 22, rue des Marguerites &#8211; F\u00a067410 Drusenheim.<\/p>\n<p><b>COOKIES:<\/b><\/p>\n<p>Diese Website verwendet automatisch Cookies, um dem Benutzer ein optimales Surferlebnis zu bieten.\u00a0<\/p>\n<p>Ein Cookie speichert Informationen \u00fcber die Navigation des Benutzers, um seine Bewegungen und Aktionen auf der Website zu verfolgen. Diese Informationen werden bei den n\u00e4chsten Besuchen des Benutzers verwendet, um seine Navigation auf dieser Website zu verbessern.Der Benutzer best\u00e4tigt, \u00fcber dieses Vorgehen informiert worden zu sein und berechtigt STABNAU, dies zu tun.\u00a0\u00a0Alle Cookies haben eine G\u00fcltigkeitsdauer von weniger als 13 Monaten, mit Ausnahme derjenigen, die davon ausgenommen sind.\u00a0Die Website\u00a0<a href=\"https:\/\/stabnau.com\/de\/\" target=\"_blank\" rel=\"noopener noreferrer\" data-content=\"https:\/\/stabnau.com\/\" data-type=\"external\">www.stabnau.com\u00a0<\/a>verwendet die folgenden Cookies:<\/p>\n<p>Zur Messung des Webtraffic auf der Website\u00a0 verwendet das Unternehmen STABNAU Google Analytics,<\/p>\n<p>ein Produkt der Google Inc. 1600 Amphitheatre Parkway, Mountain View, CA 94043 USA.<\/p>\n<p>Der Benutzer kann sich dem Speichern der Cookies widersetzen, indem er sie blockiert. Dazu muss der Benutzer die Cookies in den Parametern seines Webbrowsers deaktivieren.<\/p>\n<p><strong>SSL-ZERTIFIKAT:<\/strong><\/p>\n<p>Ein Secure Sockets Layer oder SSL-Zertifikat erm\u00f6glicht dem Benutzer, die Website \u00fcber eine HTTPS-Verbindung anzuzeigen.\u00a0Das \u201eHyper Text Transfer Protocol Secure\u201c (HTTPS) ist das sichere Protokoll, \u00fcber das der Browser des Benutzers mit der Website kommuniziert. Die Daten sind verschl\u00fcsselt, authentifiziert und\u00a0gesichert.<\/p>\n","protected":false},"excerpt":{"rendered":"<p>In Frankreich werden die pers\u00f6nlichen Daten insbesondere durch das Gesetz Nr. 78-87 vom 6. Januar 1978, das Gesetz Nr. 2004-801 vom\u00a06. August 2004, durch Artikel L. 226-13 des Strafgesetzbuchs und die europ\u00e4ische Verordnung (EU) 2016\/679 vom 27. April 2016 zum Schutz nat\u00fcrlicher Personen bei der Verarbeitung personenbezogener Daten und zum freien Datenverkehr (DSGVO) gesch\u00fctzt. DATENSCHUTZ:\u00a0 [&hellip;]<\/p>\n","protected":false},"author":2,"featured_media":0,"parent":0,"menu_order":0,"comment_status":"closed","ping_status":"closed","template":"","meta":{"footnotes":""},"class_list":["post-797","page","type-page","status-publish","hentry"],"yoast_head":"<!-- This site is optimized with the Yoast SEO Premium plugin v26.9 (Yoast SEO v27.4) - https:\/\/yoast.com\/product\/yoast-seo-premium-wordpress\/ -->\n<title>Datenschutz - Stabnau<\/title>\n<meta name=\"robots\" content=\"index, follow, max-snippet:-1, max-image-preview:large, max-video-preview:-1\" \/>\n<link rel=\"canonical\" href=\"https:\/\/stabnau.com\/de\/datenschutz\/\" \/>\n<meta property=\"og:locale\" content=\"de_DE\" \/>\n<meta property=\"og:type\" content=\"article\" \/>\n<meta property=\"og:title\" content=\"Datenschutz\" \/>\n<meta property=\"og:description\" content=\"In Frankreich werden die pers\u00f6nlichen Daten insbesondere durch das Gesetz Nr. 78-87 vom 6. Januar 1978, das Gesetz Nr. 2004-801 vom\u00a06. August 2004, durch Artikel L. 226-13 des Strafgesetzbuchs und die europ\u00e4ische Verordnung (EU) 2016\/679 vom 27. April 2016 zum Schutz nat\u00fcrlicher Personen bei der Verarbeitung personenbezogener Daten und zum freien Datenverkehr (DSGVO) gesch\u00fctzt. DATENSCHUTZ:\u00a0 [&hellip;]\" \/>\n<meta property=\"og:url\" content=\"https:\/\/stabnau.com\/de\/datenschutz\/\" \/>\n<meta property=\"og:site_name\" content=\"Stabnau\" \/>\n<meta property=\"article:modified_time\" content=\"2020-04-06T14:59:13+00:00\" \/>\n<meta name=\"twitter:card\" content=\"summary_large_image\" \/>\n<meta name=\"twitter:label1\" content=\"Gesch\u00e4tzte Lesezeit\" \/>\n\t<meta name=\"twitter:data1\" content=\"2\u00a0Minuten\" \/>\n<script type=\"application\/ld+json\" class=\"yoast-schema-graph\">{\"@context\":\"https:\\\/\\\/schema.org\",\"@graph\":[{\"@type\":\"WebPage\",\"@id\":\"https:\\\/\\\/stabnau.com\\\/de\\\/datenschutz\\\/\",\"url\":\"https:\\\/\\\/stabnau.com\\\/de\\\/datenschutz\\\/\",\"name\":\"Datenschutz - Stabnau\",\"isPartOf\":{\"@id\":\"https:\\\/\\\/stabnau.com\\\/de\\\/#website\"},\"datePublished\":\"2019-07-18T16:35:14+00:00\",\"dateModified\":\"2020-04-06T14:59:13+00:00\",\"breadcrumb\":{\"@id\":\"https:\\\/\\\/stabnau.com\\\/de\\\/datenschutz\\\/#breadcrumb\"},\"inLanguage\":\"de\",\"potentialAction\":[{\"@type\":\"ReadAction\",\"target\":[\"https:\\\/\\\/stabnau.com\\\/de\\\/datenschutz\\\/\"]}]},{\"@type\":\"BreadcrumbList\",\"@id\":\"https:\\\/\\\/stabnau.com\\\/de\\\/datenschutz\\\/#breadcrumb\",\"itemListElement\":[{\"@type\":\"ListItem\",\"position\":1,\"name\":\"Accueil\",\"item\":\"https:\\\/\\\/stabnau.com\\\/de\\\/home\\\/\"},{\"@type\":\"ListItem\",\"position\":2,\"name\":\"Datenschutz\"}]},{\"@type\":\"WebSite\",\"@id\":\"https:\\\/\\\/stabnau.com\\\/de\\\/#website\",\"url\":\"https:\\\/\\\/stabnau.com\\\/de\\\/\",\"name\":\"Stabnau\",\"description\":\"D\u00e9veloppement commercial franco-allemand\",\"publisher\":{\"@id\":\"https:\\\/\\\/stabnau.com\\\/de\\\/#organization\"},\"potentialAction\":[{\"@type\":\"SearchAction\",\"target\":{\"@type\":\"EntryPoint\",\"urlTemplate\":\"https:\\\/\\\/stabnau.com\\\/de\\\/?s={search_term_string}\"},\"query-input\":{\"@type\":\"PropertyValueSpecification\",\"valueRequired\":true,\"valueName\":\"search_term_string\"}}],\"inLanguage\":\"de\"},{\"@type\":\"Organization\",\"@id\":\"https:\\\/\\\/stabnau.com\\\/de\\\/#organization\",\"name\":\"Stabnau\",\"url\":\"https:\\\/\\\/stabnau.com\\\/de\\\/\",\"logo\":{\"@type\":\"ImageObject\",\"inLanguage\":\"de\",\"@id\":\"https:\\\/\\\/stabnau.com\\\/de\\\/#\\\/schema\\\/logo\\\/image\\\/\",\"url\":\"https:\\\/\\\/stabnau.com\\\/wp-content\\\/uploads\\\/2022\\\/01\\\/cropped-Stabnau_logo-Stabnau-Business-development.png\",\"contentUrl\":\"https:\\\/\\\/stabnau.com\\\/wp-content\\\/uploads\\\/2022\\\/01\\\/cropped-Stabnau_logo-Stabnau-Business-development.png\",\"width\":1601,\"height\":426,\"caption\":\"Stabnau\"},\"image\":{\"@id\":\"https:\\\/\\\/stabnau.com\\\/de\\\/#\\\/schema\\\/logo\\\/image\\\/\"}}]}<\/script>\n<!-- \/ Yoast SEO Premium plugin. -->","yoast_head_json":{"title":"Datenschutz - Stabnau","robots":{"index":"index","follow":"follow","max-snippet":"max-snippet:-1","max-image-preview":"max-image-preview:large","max-video-preview":"max-video-preview:-1"},"canonical":"https:\/\/stabnau.com\/de\/datenschutz\/","og_locale":"de_DE","og_type":"article","og_title":"Datenschutz","og_description":"In Frankreich werden die pers\u00f6nlichen Daten insbesondere durch das Gesetz Nr. 78-87 vom 6. Januar 1978, das Gesetz Nr. 2004-801 vom\u00a06. August 2004, durch Artikel L. 226-13 des Strafgesetzbuchs und die europ\u00e4ische Verordnung (EU) 2016\/679 vom 27. April 2016 zum Schutz nat\u00fcrlicher Personen bei der Verarbeitung personenbezogener Daten und zum freien Datenverkehr (DSGVO) gesch\u00fctzt. DATENSCHUTZ:\u00a0 [&hellip;]","og_url":"https:\/\/stabnau.com\/de\/datenschutz\/","og_site_name":"Stabnau","article_modified_time":"2020-04-06T14:59:13+00:00","twitter_card":"summary_large_image","twitter_misc":{"Gesch\u00e4tzte Lesezeit":"2\u00a0Minuten"},"schema":{"@context":"https:\/\/schema.org","@graph":[{"@type":"WebPage","@id":"https:\/\/stabnau.com\/de\/datenschutz\/","url":"https:\/\/stabnau.com\/de\/datenschutz\/","name":"Datenschutz - Stabnau","isPartOf":{"@id":"https:\/\/stabnau.com\/de\/#website"},"datePublished":"2019-07-18T16:35:14+00:00","dateModified":"2020-04-06T14:59:13+00:00","breadcrumb":{"@id":"https:\/\/stabnau.com\/de\/datenschutz\/#breadcrumb"},"inLanguage":"de","potentialAction":[{"@type":"ReadAction","target":["https:\/\/stabnau.com\/de\/datenschutz\/"]}]},{"@type":"BreadcrumbList","@id":"https:\/\/stabnau.com\/de\/datenschutz\/#breadcrumb","itemListElement":[{"@type":"ListItem","position":1,"name":"Accueil","item":"https:\/\/stabnau.com\/de\/home\/"},{"@type":"ListItem","position":2,"name":"Datenschutz"}]},{"@type":"WebSite","@id":"https:\/\/stabnau.com\/de\/#website","url":"https:\/\/stabnau.com\/de\/","name":"Stabnau","description":"D\u00e9veloppement commercial franco-allemand","publisher":{"@id":"https:\/\/stabnau.com\/de\/#organization"},"potentialAction":[{"@type":"SearchAction","target":{"@type":"EntryPoint","urlTemplate":"https:\/\/stabnau.com\/de\/?s={search_term_string}"},"query-input":{"@type":"PropertyValueSpecification","valueRequired":true,"valueName":"search_term_string"}}],"inLanguage":"de"},{"@type":"Organization","@id":"https:\/\/stabnau.com\/de\/#organization","name":"Stabnau","url":"https:\/\/stabnau.com\/de\/","logo":{"@type":"ImageObject","inLanguage":"de","@id":"https:\/\/stabnau.com\/de\/#\/schema\/logo\/image\/","url":"https:\/\/stabnau.com\/wp-content\/uploads\/2022\/01\/cropped-Stabnau_logo-Stabnau-Business-development.png","contentUrl":"https:\/\/stabnau.com\/wp-content\/uploads\/2022\/01\/cropped-Stabnau_logo-Stabnau-Business-development.png","width":1601,"height":426,"caption":"Stabnau"},"image":{"@id":"https:\/\/stabnau.com\/de\/#\/schema\/logo\/image\/"}}]}},"_links":{"self":[{"href":"https:\/\/stabnau.com\/de\/wp-json\/wp\/v2\/pages\/797","targetHints":{"allow":["GET"]}}],"collection":[{"href":"https:\/\/stabnau.com\/de\/wp-json\/wp\/v2\/pages"}],"about":[{"href":"https:\/\/stabnau.com\/de\/wp-json\/wp\/v2\/types\/page"}],"author":[{"embeddable":true,"href":"https:\/\/stabnau.com\/de\/wp-json\/wp\/v2\/users\/2"}],"replies":[{"embeddable":true,"href":"https:\/\/stabnau.com\/de\/wp-json\/wp\/v2\/comments?post=797"}],"version-history":[{"count":1,"href":"https:\/\/stabnau.com\/de\/wp-json\/wp\/v2\/pages\/797\/revisions"}],"predecessor-version":[{"id":6880,"href":"https:\/\/stabnau.com\/de\/wp-json\/wp\/v2\/pages\/797\/revisions\/6880"}],"wp:attachment":[{"href":"https:\/\/stabnau.com\/de\/wp-json\/wp\/v2\/media?parent=797"}],"curies":[{"name":"wp","href":"https:\/\/api.w.org\/{rel}","templated":true}]}}