{"id":9036,"date":"2026-04-17T12:50:04","date_gmt":"2026-04-17T10:50:04","guid":{"rendered":"https:\/\/stabnau.com\/?page_id=9036"},"modified":"2026-04-17T12:50:05","modified_gmt":"2026-04-17T10:50:05","slug":"ihr-tatigkeitsbereich","status":"publish","type":"page","link":"https:\/\/stabnau.com\/de\/ihr-tatigkeitsbereich\/","title":{"rendered":"Ihr T\u00e4tigkeitsbereich"},"content":{"rendered":"\n<h2 class=\"wp-block-heading\" id=\"h-quel-que-soit-votre-secteur-d-activite-nous-adaptons-notre-accompagnement-a-vos-enjeux-avec-une-expertise-particuliere-dans-le-btp-ou-les-exigences-techniques-reglementaires-et-operationnelles-necessitent-une-approche-sur-mesure\">Unabh\u00e4ngig von Ihrer Branche passen wir unsere Begleitung an Ihre Herausforderungen an \u2013 mit besonderer Expertise im Baugewerbe, wo technische, regulatorische und operative Anforderungen einen ma\u00dfgeschneiderten Ansatz erfordern.<\/h2>\n\n\n\n<hr class=\"wp-block-separator has-alpha-channel-opacity\"\/>\n\n\n\n<div class=\"wp-block-columns is-layout-flex wp-container-core-columns-is-layout-9d6595d7 wp-block-columns-is-layout-flex\">\n<div class=\"wp-block-column bloc-besoin is-layout-flow wp-block-column-is-layout-flow\">\n<h3 class=\"wp-block-heading\" id=\"h-btp-batiment-et-travaux-publics\"><strong>Baugewerbe: Hoch- und Tiefbau<\/strong><\/h3>\n\n\n\n<p id=\"h-le-secteur-du-batiment-exige-une-parfaite-maitrise-des-normes-des-acteurs-et-des-cycles-de-projet-nous-vous-accompagnons-pour-securiser-et-developper-votre-activite-en-france-et-en-allemagne\"><strong>Die Baubranche erfordert eine perfekte Beherrschung von Normen, Akteuren und Projektzyklen: Wir begleiten Sie dabei, Ihre T\u00e4tigkeit in Frankreich und Deutschland abzusichern und weiterzuentwickeln.<\/strong><\/p>\n\n\n\n<p>Hochbau &#8211; Rohbau &#8211; Ausbau &#8211; Baumaterialien &#8211; Tischlerei &#8211; Energieeffiziente Geb\u00e4ude<\/p>\n\n\n\n<hr class=\"wp-block-separator has-alpha-channel-opacity\"\/>\n<\/div>\n\n\n\n<div class=\"wp-block-column bloc-besoin is-layout-flow wp-block-column-is-layout-flow\">\n<h3 class=\"wp-block-heading\" id=\"h-industrie\"><strong>Industrie<\/strong><\/h3>\n\n\n\n<p id=\"h-le-secteur-industriel-necessite-rigueur-performance-et-adaptation-aux-marches-locaux-nous-vous-accompagnons-pour-structurer-et-developper-votre-activite-en-france-et-en-allemagne\"><strong>Die Industriebranche erfordert Pr\u00e4zision, Leistungsf\u00e4higkeit und Anpassung an lokale M\u00e4rkte: Wir begleiten Sie dabei, Ihre T\u00e4tigkeit in Frankreich und Deutschland zu strukturieren und auszubauen.<\/strong><\/p>\n\n\n\n<p>Maschinenbau &#8211; Industriemaschinen &#8211; Industriefahrzeuge und -ausr\u00fcstungen<\/p>\n<\/div>\n<\/div>\n\n\n\n<div class=\"wp-block-columns is-layout-flex wp-container-core-columns-is-layout-9d6595d7 wp-block-columns-is-layout-flex\">\n<div class=\"wp-block-column bloc-besoin is-layout-flow wp-block-column-is-layout-flow\">\n<h3 class=\"wp-block-heading\" id=\"h-commerce-et-grande-distribution\"><strong><strong>Handel und Gro\u00dfvertrieb<\/strong><\/strong><\/h3>\n\n\n\n<p id=\"h-le-commerce-et-la-grande-distribution-exigent-une-parfaite-comprehension-des-reseaux-de-distribution-des-attentes-clients-et-des-dynamiques-locales-nous-vous-accompagnons-pour-reussir-votre-developpement-en-france-et-en-allemagne\"><strong>Handel und Gro\u00dfvertrieb erfordern ein perfektes Verst\u00e4ndnis der Vertriebsnetze, Kundenerwartungen und lokalen Dynamiken: Wir begleiten Sie f\u00fcr eine erfolgreiche Entwicklung in Frankreich und Deutschland.<\/strong><\/p>\n\n\n\n<p>E-Commerce &#8211; Superm\u00e4rkte &#8211; Einzel- und Gro\u00dfhandel (Retail &amp; Wholesale)<\/p>\n<\/div>\n\n\n\n<div class=\"wp-block-column bloc-besoin is-layout-flow wp-block-column-is-layout-flow\">\n<h3 class=\"wp-block-heading\" id=\"h-autres-secteurs-d-activites\"><strong><strong>Weitere T\u00e4tigkeitsbereiche<\/strong><\/strong><\/h3>\n\n\n\n<p id=\"h-nous-intervenons-egalement-dans-de-nombreux-autres-secteurs-d-activite-en-adaptant-notre-approche-aux-specificites-de-chaque-marche-et-aux-enjeux-propres-a-votre-entreprise\"><strong>Wir sind auch in zahlreichen anderen Branchen t\u00e4tig und passen unseren Ansatz an die Besonderheiten jedes Marktes und die spezifischen Herausforderungen Ihres Unternehmens an.<\/strong><\/p>\n\n\n\n<p>Tourismus &#8211; Hotellerie &#8211; Gastronomie &#8211; Schienen- und Automobilmobilit\u00e4t &#8211; Gesundheit &#8211; Lebensmittelindustrie &#8211; Handwerk &amp; Luxus &#8211; IT, Informationstechnologie &#8211; Sport und Freizeit &#8211; Energie und Umwelt<\/p>\n<\/div>\n<\/div>\n\n\n\n<div class=\"wp-block-columns is-layout-flex wp-container-core-columns-is-layout-9d6595d7 wp-block-columns-is-layout-flex\">\n<div class=\"wp-block-column is-layout-flow wp-block-column-is-layout-flow\">\n<hr class=\"wp-block-separator has-alpha-channel-opacity\"\/>\n\n\n\n<div class=\"wp-block-columns bloc-cta is-layout-flex wp-container-core-columns-is-layout-9d6595d7 wp-block-columns-is-layout-flex\">\n<div class=\"wp-block-column is-layout-flow wp-block-column-is-layout-flow\">\n<h2 class=\"wp-block-heading has-text-align-center\" id=\"h-vous-ne-savez-pas-par-ou-commencer\">Sie wissen nicht, wo Sie anfangen sollen?<\/h2>\n\n\n\n<p class=\"has-text-align-center\">Jede Situation ist einzigartig.<br>Wenn Sie unsicher sind, welcher Bedarf Vorrang hat, oder wenn sich mehrere Problematiken \u00fcberschneiden, helfen wir Ihnen, Klarheit zu gewinnen.<\/p>\n<\/div>\n\n\n\n<div class=\"wp-block-column is-layout-flow wp-block-column-is-layout-flow\">\n<p class=\"has-text-align-center\"><strong>Schildern Sie uns Ihre Situation<\/strong> und profitieren Sie von einem ersten Austausch, um die relevantesten Entwicklungshebel f\u00fcr Ihr Unternehmen zu identifizieren.<\/p>\n\n\n\n<div class=\"wp-block-columns is-layout-flex wp-container-core-columns-is-layout-9d6595d7 wp-block-columns-is-layout-flex\">\n<div class=\"wp-block-column is-layout-flow wp-block-column-is-layout-flow\">\n<div class=\"wp-block-buttons is-content-justification-right is-layout-flex wp-container-core-buttons-is-layout-765c4724 wp-block-buttons-is-layout-flex\">\n<div class=\"wp-block-button\"><a class=\"wp-block-button__link wp-element-button\" href=\"https:\/\/stabnau.com\/de\/contact\/\">Ich buche einen Termin online<\/a><\/div>\n<\/div>\n<\/div>\n\n\n\n<div class=\"wp-block-column is-layout-flow wp-block-column-is-layout-flow\">\n<div class=\"wp-block-buttons is-content-justification-left is-layout-flex wp-container-core-buttons-is-layout-fdcfc74e wp-block-buttons-is-layout-flex\">\n<div class=\"wp-block-button cta-tel\"><a class=\"wp-block-button__link wp-element-button\">Ich rufe jetzt an<\/a><\/div>\n<\/div>\n<\/div>\n<\/div>\n<\/div>\n<\/div>\n<\/div>\n<\/div>\n\n\n\n<hr class=\"wp-block-separator has-alpha-channel-opacity\"\/>\n","protected":false},"excerpt":{"rendered":"<p>Unabh\u00e4ngig von Ihrer Branche passen wir unsere Begleitung an Ihre Herausforderungen an \u2013 mit besonderer Expertise im Baugewerbe, wo technische, regulatorische und operative Anforderungen einen ma\u00dfgeschneiderten Ansatz erfordern. Baugewerbe: Hoch- und Tiefbau Die Baubranche erfordert eine perfekte Beherrschung von Normen, Akteuren und Projektzyklen: Wir begleiten Sie dabei, Ihre T\u00e4tigkeit in Frankreich und Deutschland abzusichern und [&hellip;]<\/p>\n","protected":false},"author":6,"featured_media":0,"parent":0,"menu_order":0,"comment_status":"closed","ping_status":"closed","template":"","meta":{"footnotes":""},"class_list":["post-9036","page","type-page","status-publish","hentry"],"yoast_head":"<!-- This site is optimized with the Yoast SEO Premium plugin v26.9 (Yoast SEO v27.4) - https:\/\/yoast.com\/product\/yoast-seo-premium-wordpress\/ -->\n<title>Ihr T\u00e4tigkeitsbereich - Stabnau<\/title>\n<meta name=\"robots\" content=\"index, follow, max-snippet:-1, max-image-preview:large, max-video-preview:-1\" \/>\n<link rel=\"canonical\" href=\"https:\/\/stabnau.com\/de\/ihr-tatigkeitsbereich\/\" \/>\n<meta property=\"og:locale\" content=\"de_DE\" \/>\n<meta property=\"og:type\" content=\"article\" \/>\n<meta property=\"og:title\" content=\"Ihr T\u00e4tigkeitsbereich\" \/>\n<meta property=\"og:description\" content=\"Unabh\u00e4ngig von Ihrer Branche passen wir unsere Begleitung an Ihre Herausforderungen an \u2013 mit besonderer Expertise im Baugewerbe, wo technische, regulatorische und operative Anforderungen einen ma\u00dfgeschneiderten Ansatz erfordern. Baugewerbe: Hoch- und Tiefbau Die Baubranche erfordert eine perfekte Beherrschung von Normen, Akteuren und Projektzyklen: Wir begleiten Sie dabei, Ihre T\u00e4tigkeit in Frankreich und Deutschland abzusichern und [&hellip;]\" \/>\n<meta property=\"og:url\" content=\"https:\/\/stabnau.com\/de\/ihr-tatigkeitsbereich\/\" \/>\n<meta property=\"og:site_name\" content=\"Stabnau\" \/>\n<meta property=\"article:modified_time\" content=\"2026-04-17T10:50:05+00:00\" \/>\n<meta name=\"twitter:card\" content=\"summary_large_image\" \/>\n<meta name=\"twitter:label1\" content=\"Gesch\u00e4tzte Lesezeit\" \/>\n\t<meta name=\"twitter:data1\" content=\"2\u00a0Minuten\" \/>\n<script type=\"application\/ld+json\" class=\"yoast-schema-graph\">{\"@context\":\"https:\\\/\\\/schema.org\",\"@graph\":[{\"@type\":\"WebPage\",\"@id\":\"https:\\\/\\\/stabnau.com\\\/de\\\/ihr-tatigkeitsbereich\\\/\",\"url\":\"https:\\\/\\\/stabnau.com\\\/de\\\/ihr-tatigkeitsbereich\\\/\",\"name\":\"Ihr T\u00e4tigkeitsbereich - Stabnau\",\"isPartOf\":{\"@id\":\"https:\\\/\\\/stabnau.com\\\/de\\\/#website\"},\"datePublished\":\"2026-04-17T10:50:04+00:00\",\"dateModified\":\"2026-04-17T10:50:05+00:00\",\"breadcrumb\":{\"@id\":\"https:\\\/\\\/stabnau.com\\\/de\\\/ihr-tatigkeitsbereich\\\/#breadcrumb\"},\"inLanguage\":\"de\",\"potentialAction\":[{\"@type\":\"ReadAction\",\"target\":[\"https:\\\/\\\/stabnau.com\\\/de\\\/ihr-tatigkeitsbereich\\\/\"]}]},{\"@type\":\"BreadcrumbList\",\"@id\":\"https:\\\/\\\/stabnau.com\\\/de\\\/ihr-tatigkeitsbereich\\\/#breadcrumb\",\"itemListElement\":[{\"@type\":\"ListItem\",\"position\":1,\"name\":\"Accueil\",\"item\":\"https:\\\/\\\/stabnau.com\\\/de\\\/home\\\/\"},{\"@type\":\"ListItem\",\"position\":2,\"name\":\"Ihr T\u00e4tigkeitsbereich\"}]},{\"@type\":\"WebSite\",\"@id\":\"https:\\\/\\\/stabnau.com\\\/de\\\/#website\",\"url\":\"https:\\\/\\\/stabnau.com\\\/de\\\/\",\"name\":\"Stabnau\",\"description\":\"D\u00e9veloppement commercial franco-allemand\",\"publisher\":{\"@id\":\"https:\\\/\\\/stabnau.com\\\/de\\\/#organization\"},\"potentialAction\":[{\"@type\":\"SearchAction\",\"target\":{\"@type\":\"EntryPoint\",\"urlTemplate\":\"https:\\\/\\\/stabnau.com\\\/de\\\/?s={search_term_string}\"},\"query-input\":{\"@type\":\"PropertyValueSpecification\",\"valueRequired\":true,\"valueName\":\"search_term_string\"}}],\"inLanguage\":\"de\"},{\"@type\":\"Organization\",\"@id\":\"https:\\\/\\\/stabnau.com\\\/de\\\/#organization\",\"name\":\"Stabnau\",\"url\":\"https:\\\/\\\/stabnau.com\\\/de\\\/\",\"logo\":{\"@type\":\"ImageObject\",\"inLanguage\":\"de\",\"@id\":\"https:\\\/\\\/stabnau.com\\\/de\\\/#\\\/schema\\\/logo\\\/image\\\/\",\"url\":\"https:\\\/\\\/stabnau.com\\\/wp-content\\\/uploads\\\/2022\\\/01\\\/cropped-Stabnau_logo-Stabnau-Business-development.png\",\"contentUrl\":\"https:\\\/\\\/stabnau.com\\\/wp-content\\\/uploads\\\/2022\\\/01\\\/cropped-Stabnau_logo-Stabnau-Business-development.png\",\"width\":1601,\"height\":426,\"caption\":\"Stabnau\"},\"image\":{\"@id\":\"https:\\\/\\\/stabnau.com\\\/de\\\/#\\\/schema\\\/logo\\\/image\\\/\"}}]}<\/script>\n<!-- \/ Yoast SEO Premium plugin. -->","yoast_head_json":{"title":"Ihr T\u00e4tigkeitsbereich - Stabnau","robots":{"index":"index","follow":"follow","max-snippet":"max-snippet:-1","max-image-preview":"max-image-preview:large","max-video-preview":"max-video-preview:-1"},"canonical":"https:\/\/stabnau.com\/de\/ihr-tatigkeitsbereich\/","og_locale":"de_DE","og_type":"article","og_title":"Ihr T\u00e4tigkeitsbereich","og_description":"Unabh\u00e4ngig von Ihrer Branche passen wir unsere Begleitung an Ihre Herausforderungen an \u2013 mit besonderer Expertise im Baugewerbe, wo technische, regulatorische und operative Anforderungen einen ma\u00dfgeschneiderten Ansatz erfordern. Baugewerbe: Hoch- und Tiefbau Die Baubranche erfordert eine perfekte Beherrschung von Normen, Akteuren und Projektzyklen: Wir begleiten Sie dabei, Ihre T\u00e4tigkeit in Frankreich und Deutschland abzusichern und [&hellip;]","og_url":"https:\/\/stabnau.com\/de\/ihr-tatigkeitsbereich\/","og_site_name":"Stabnau","article_modified_time":"2026-04-17T10:50:05+00:00","twitter_card":"summary_large_image","twitter_misc":{"Gesch\u00e4tzte Lesezeit":"2\u00a0Minuten"},"schema":{"@context":"https:\/\/schema.org","@graph":[{"@type":"WebPage","@id":"https:\/\/stabnau.com\/de\/ihr-tatigkeitsbereich\/","url":"https:\/\/stabnau.com\/de\/ihr-tatigkeitsbereich\/","name":"Ihr T\u00e4tigkeitsbereich - Stabnau","isPartOf":{"@id":"https:\/\/stabnau.com\/de\/#website"},"datePublished":"2026-04-17T10:50:04+00:00","dateModified":"2026-04-17T10:50:05+00:00","breadcrumb":{"@id":"https:\/\/stabnau.com\/de\/ihr-tatigkeitsbereich\/#breadcrumb"},"inLanguage":"de","potentialAction":[{"@type":"ReadAction","target":["https:\/\/stabnau.com\/de\/ihr-tatigkeitsbereich\/"]}]},{"@type":"BreadcrumbList","@id":"https:\/\/stabnau.com\/de\/ihr-tatigkeitsbereich\/#breadcrumb","itemListElement":[{"@type":"ListItem","position":1,"name":"Accueil","item":"https:\/\/stabnau.com\/de\/home\/"},{"@type":"ListItem","position":2,"name":"Ihr T\u00e4tigkeitsbereich"}]},{"@type":"WebSite","@id":"https:\/\/stabnau.com\/de\/#website","url":"https:\/\/stabnau.com\/de\/","name":"Stabnau","description":"D\u00e9veloppement commercial franco-allemand","publisher":{"@id":"https:\/\/stabnau.com\/de\/#organization"},"potentialAction":[{"@type":"SearchAction","target":{"@type":"EntryPoint","urlTemplate":"https:\/\/stabnau.com\/de\/?s={search_term_string}"},"query-input":{"@type":"PropertyValueSpecification","valueRequired":true,"valueName":"search_term_string"}}],"inLanguage":"de"},{"@type":"Organization","@id":"https:\/\/stabnau.com\/de\/#organization","name":"Stabnau","url":"https:\/\/stabnau.com\/de\/","logo":{"@type":"ImageObject","inLanguage":"de","@id":"https:\/\/stabnau.com\/de\/#\/schema\/logo\/image\/","url":"https:\/\/stabnau.com\/wp-content\/uploads\/2022\/01\/cropped-Stabnau_logo-Stabnau-Business-development.png","contentUrl":"https:\/\/stabnau.com\/wp-content\/uploads\/2022\/01\/cropped-Stabnau_logo-Stabnau-Business-development.png","width":1601,"height":426,"caption":"Stabnau"},"image":{"@id":"https:\/\/stabnau.com\/de\/#\/schema\/logo\/image\/"}}]}},"_links":{"self":[{"href":"https:\/\/stabnau.com\/de\/wp-json\/wp\/v2\/pages\/9036","targetHints":{"allow":["GET"]}}],"collection":[{"href":"https:\/\/stabnau.com\/de\/wp-json\/wp\/v2\/pages"}],"about":[{"href":"https:\/\/stabnau.com\/de\/wp-json\/wp\/v2\/types\/page"}],"author":[{"embeddable":true,"href":"https:\/\/stabnau.com\/de\/wp-json\/wp\/v2\/users\/6"}],"replies":[{"embeddable":true,"href":"https:\/\/stabnau.com\/de\/wp-json\/wp\/v2\/comments?post=9036"}],"version-history":[{"count":6,"href":"https:\/\/stabnau.com\/de\/wp-json\/wp\/v2\/pages\/9036\/revisions"}],"predecessor-version":[{"id":9042,"href":"https:\/\/stabnau.com\/de\/wp-json\/wp\/v2\/pages\/9036\/revisions\/9042"}],"wp:attachment":[{"href":"https:\/\/stabnau.com\/de\/wp-json\/wp\/v2\/media?parent=9036"}],"curies":[{"name":"wp","href":"https:\/\/api.w.org\/{rel}","templated":true}]}}