{"id":9048,"date":"2026-02-23T12:14:48","date_gmt":"2026-02-23T11:14:48","guid":{"rendered":"https:\/\/stabnau.com\/information-marche-france-allemagne\/"},"modified":"2026-04-27T18:21:35","modified_gmt":"2026-04-27T16:21:35","slug":"informations-markt-frankreich-deutschland","status":"publish","type":"page","link":"https:\/\/stabnau.com\/de\/informations-markt-frankreich-deutschland\/","title":{"rendered":"Recherchieren Sie den franz\u00f6sischen und\/oder deutschen Markt."},"content":{"rendered":"\n<div class=\"wp-block-columns bloc-2col-bg is-layout-flex wp-container-core-columns-is-layout-9d6595d7 wp-block-columns-is-layout-flex\">\n<div class=\"wp-block-column is-layout-flow wp-block-column-is-layout-flow\">\n<h2 class=\"wp-block-heading\" id=\"h-notre-double-expertise-vous-permet-de-vous-informer-correctement-sur-le-marche-francais-et-ou-allemand\">Unsere doppelte Expertise erm\u00f6glicht es Ihnen, sich fundiert \u00fcber den franz\u00f6sischen und\/oder deutschen Markt zu informieren<\/h2>\n\n\n\n<p id=\"h-avant-de-vous-developper-en-france-ou-en-allemagne-une-etape-fait-toute-la-difference-comprendre-le-marche-ses-codes-ses-acteurs-et-ses-opportunites-reelles-nous-accompagnons-les-pme-et-eti-dans-une-approche-structuree-pour-reduire-les-risques-valider-le-potentiel-et-prendre-les-bonnes-decisions-avant-d-investir-du-temps-et-des-ressources\">Sich vor einer Expansion nach Frankreich oder Deutschland \u00fcber den Markt zu informieren, ist ein entscheidender Schritt:<\/p>\n\n\n\n<p id=\"h-avant-de-vous-developper-en-france-ou-en-allemagne-une-etape-fait-toute-la-difference-comprendre-le-marche-ses-codes-ses-acteurs-et-ses-opportunites-reelles-nous-accompagnons-les-pme-et-eti-dans-une-approche-structuree-pour-reduire-les-risques-valider-le-potentiel-et-prendre-les-bonnes-decisions-avant-d-investir-du-temps-et-des-ressources\"><strong><a href=\"https:\/\/stabnau.com\/information-marche-france-allemagne\/etude-marche-france\/\" type=\"page\" id=\"8709\">den Markt verstehen<\/a><\/strong>, seine Codes, seine Akteure und seine tats\u00e4chlichen Chancen.<\/p>\n\n\n\n<p id=\"h-avant-de-vous-developper-en-france-ou-en-allemagne-une-etape-fait-toute-la-difference-comprendre-le-marche-ses-codes-ses-acteurs-et-ses-opportunites-reelles-nous-accompagnons-les-pme-et-eti-dans-une-approche-structuree-pour-reduire-les-risques-valider-le-potentiel-et-prendre-les-bonnes-decisions-avant-d-investir-du-temps-et-des-ressources\">Wir begleiten KMU und mittelst\u00e4ndische Unternehmen mit einem strukturierten Ansatz, um <strong>Risiken zu reduzieren<\/strong>, <strong>Potenziale zu validieren<\/strong> und damit Sie <strong>die richtigen Entscheidungen treffen<\/strong>, bevor Sie Zeit und Ressourcen investieren.<\/p>\n\n\n\n<div class=\"wp-block-buttons is-layout-flex wp-block-buttons-is-layout-flex\">\n<div class=\"wp-block-button\"><a class=\"wp-block-button__link wp-element-button\" href=\"https:\/\/stabnau.com\/de\/contact\/\">Angebot anfordern<\/a><\/div>\n<\/div>\n<\/div>\n\n\n\n<div class=\"wp-block-column is-layout-flow wp-block-column-is-layout-flow\">\n<figure class=\"wp-block-image size-full border-radius\"><img loading=\"lazy\" decoding=\"async\" width=\"500\" height=\"334\" src=\"https:\/\/stabnau.com\/wp-content\/uploads\/2026\/02\/analyzing-business-chart.webp\" alt=\"Sich \u00fcber den franz\u00f6sischen oder deutschen Markt informieren\" class=\"wp-image-8650\" srcset=\"https:\/\/stabnau.com\/wp-content\/uploads\/2026\/02\/analyzing-business-chart.webp 500w, https:\/\/stabnau.com\/wp-content\/uploads\/2026\/02\/analyzing-business-chart-300x200.webp 300w\" sizes=\"auto, (max-width: 500px) 100vw, 500px\" \/><\/figure>\n\n\n<\/div>\n<\/div>\n\n\n\n<hr class=\"wp-block-separator has-alpha-channel-opacity\"\/>\n\n\n\n<h2 class=\"wp-block-heading has-text-align-center\" id=\"h-choisissez-le-marche-qui-vous-concerne-pour-acceder-a-nos-solutions-d-analyse\">W\u00e4hlen Sie den Markt, der Sie betrifft, um Zugang zu unseren Analyse-L\u00f6sungen zu erhalten.<\/h2>\n\n\n\n<hr class=\"wp-block-separator has-alpha-channel-opacity\"\/>\n\n\n\n<div class=\"wp-block-columns is-layout-flex wp-container-core-columns-is-layout-9d6595d7 wp-block-columns-is-layout-flex\">\n<div class=\"wp-block-column bloc-bg-orange is-layout-flow wp-block-column-is-layout-flow\"><div class=\"wp-block-image drapeau\">\n<figure class=\"aligncenter size-full\"><img loading=\"lazy\" decoding=\"async\" width=\"47\" height=\"47\" src=\"https:\/\/stabnau.com\/wp-content\/uploads\/2026\/02\/de.png\" alt=\"Sich \u00fcber den franz\u00f6sischen oder deutschen Markt informieren\" class=\"wp-image-8663\"\/><\/figure>\n<\/div>\n\n\n<h3 class=\"wp-block-heading has-text-align-center\"><strong>Sich \u00fcber den deutschen Markt informieren<\/strong><\/h3>\n\n\n\n<p class=\"has-text-align-center\">Der deutsche Markt ist anspruchsvoll, strukturiert und stark wettbewerbsintensiv. Eine solide Vorbereitung ist entscheidend f\u00fcr den Erfolg.<\/p>\n\n\n\n<div class=\"wp-block-buttons is-content-justification-center is-layout-flex wp-container-core-buttons-is-layout-16018d1d wp-block-buttons-is-layout-flex\">\n<div class=\"wp-block-button\"><a class=\"wp-block-button__link wp-element-button\" href=\"https:\/\/stabnau.com\/information-marche-france-allemagne\/sinformer-sur-le-marche-allemand\/\">Unsere L\u00f6sungen f\u00fcr den deutschen Markt entdecken<\/a><\/div>\n<\/div>\n<\/div>\n\n\n\n<div class=\"wp-block-column bloc-bg-orange is-layout-flow wp-block-column-is-layout-flow\"><div class=\"wp-block-image drapeau\">\n<figure class=\"aligncenter size-full\"><img loading=\"lazy\" decoding=\"async\" width=\"47\" height=\"47\" src=\"https:\/\/stabnau.com\/wp-content\/uploads\/2026\/02\/fr.png\" alt=\"Sich \u00fcber den franz\u00f6sischen oder deutschen Markt informieren\" class=\"wp-image-8666\"\/><\/figure>\n<\/div>\n\n\n<h3 class=\"wp-block-heading has-text-align-center\"><strong>Sich \u00fcber den franz\u00f6sischen Markt informieren<\/strong><\/h3>\n\n\n\n<p class=\"has-text-align-center\">Der franz\u00f6sische Markt bietet gro\u00dfe Chancen, erfordert jedoch ein feines Verst\u00e4ndnis der Dynamiken, der Positionierung und der Akquisitionskan\u00e4le.<\/p>\n\n\n\n<div class=\"wp-block-buttons is-content-justification-center is-layout-flex wp-container-core-buttons-is-layout-16018d1d wp-block-buttons-is-layout-flex\">\n<div class=\"wp-block-button\"><a class=\"wp-block-button__link wp-element-button\" href=\"https:\/\/stabnau.com\/sinformer-marche-francais\/\">Unsere L\u00f6sungen f\u00fcr den franz\u00f6sischen Markt entdecken<\/a><\/div>\n<\/div>\n<\/div>\n<\/div>\n\n\n\n<div style=\"height:26px\" aria-hidden=\"true\" class=\"wp-block-spacer\"><\/div>\n\n\n\n<hr class=\"wp-block-separator has-alpha-channel-opacity\"\/>\n\n\n\n<div style=\"height:25px\" aria-hidden=\"true\" class=\"wp-block-spacer\"><\/div>\n\n\n\n<div class=\"wp-block-columns is-layout-flex wp-container-core-columns-is-layout-9d6595d7 wp-block-columns-is-layout-flex\">\n<div class=\"wp-block-column is-layout-flow wp-block-column-is-layout-flow\" style=\"flex-basis:33.33%\">\n<h2 class=\"wp-block-heading\" id=\"h-stabnau-vous-propose-des-solutions-pour-vous-informer-sur-le-marche-francais-et-ou-allemand\">Stabnau bietet Ihnen L\u00f6sungen, um sich \u00fcber den franz\u00f6sischen und\/oder deutschen Markt zu informieren<\/h2>\n\n\n\n<p>Je nach Reifegrad Ihres Unternehmens und Ihren Bed\u00fcrfnissen:<\/p>\n<\/div>\n\n\n\n<div class=\"wp-block-column is-layout-flow wp-block-column-is-layout-flow\" style=\"flex-basis:66.66%\">\n<div class=\"wp-block-columns is-layout-flex wp-container-core-columns-is-layout-9d6595d7 wp-block-columns-is-layout-flex\">\n<div class=\"wp-block-column border-right is-layout-flow wp-block-column-is-layout-flow\">\n<h3 class=\"wp-block-heading\" id=\"h-etude-de-marche\"><strong>Marktanalyse<\/strong><\/h3>\n\n\n\n<p>Identifizieren Sie Risiken und Chancen f\u00fcr <strong>Wachstum<\/strong> <\/p>\n<\/div>\n\n\n\n<div class=\"wp-block-column border-right is-layout-flow wp-block-column-is-layout-flow\">\n<h3 class=\"wp-block-heading\" id=\"h-etude-de-la-concurrence\"><strong>Wettbewerbsanalyse<\/strong><\/h3>\n\n\n\n<p><strong>Verschaffen Sie sich einen Vorteil<\/strong> gegen\u00fcber Ihren Wettbewerbern<\/p>\n<\/div>\n\n\n\n<div class=\"wp-block-column is-layout-flow wp-block-column-is-layout-flow\">\n<h3 class=\"wp-block-heading\" id=\"h-veille-technologique\"><strong>Technologische Beobachtung<\/strong><\/h3>\n\n\n\n<p><strong>Antizipieren Sie die Zukunft<\/strong> und verschaffen Sie sich einen <strong>Vorsprung<\/strong><\/p>\n<\/div>\n<\/div>\n<\/div>\n<\/div>\n\n\n\n<hr class=\"wp-block-separator has-alpha-channel-opacity\"\/>\n\n\n\n<div class=\"wp-block-columns bloc-cta is-layout-flex wp-container-core-columns-is-layout-9d6595d7 wp-block-columns-is-layout-flex\">\n<div class=\"wp-block-column is-layout-flow wp-block-column-is-layout-flow\">\n<h2 class=\"wp-block-heading has-text-align-center\" id=\"h-lassen-sie-uns-uber-ihr-projekt-sprechen\">Lassen Sie uns \u00fcber Ihr Projekt sprechen<\/h2>\n\n\n\n<p class=\"has-text-align-center\">Ihr Erfolg beginnt jetzt!<\/p>\n\n\n\n<div class=\"wp-block-columns is-layout-flex wp-container-core-columns-is-layout-9d6595d7 wp-block-columns-is-layout-flex\">\n<div class=\"wp-block-column is-layout-flow wp-block-column-is-layout-flow\">\n<div class=\"wp-block-buttons is-content-justification-right is-layout-flex wp-container-core-buttons-is-layout-765c4724 wp-block-buttons-is-layout-flex\">\n<div class=\"wp-block-button\"><a class=\"wp-block-button__link wp-element-button\" href=\"https:\/\/stabnau.com\/contact\/\">Ich buche online einen Termin.<\/a><\/div>\n<\/div>\n<\/div>\n\n\n\n<div class=\"wp-block-column is-layout-flow wp-block-column-is-layout-flow\">\n<div class=\"wp-block-buttons is-content-justification-left is-layout-flex wp-container-core-buttons-is-layout-fdcfc74e wp-block-buttons-is-layout-flex\">\n<div class=\"wp-block-button cta-tel\"><a class=\"wp-block-button__link wp-element-button\">Ich rufe jetzt an.<\/a><\/div>\n<\/div>\n<\/div>\n<\/div>\n<\/div>\n\n\n\n<div class=\"wp-block-column bloc-tel is-layout-flow wp-block-column-is-layout-flow\">\n<p class=\"has-text-align-center\">Haben Sie eine Frage? <br>Ben\u00f6tigen Sie weitere Informationen?<br><br>Wir antworten Ihnen umgehend.<br><br><strong>+33 3 69 02 31 85\u200b<\/strong><\/p>\n\n\n\n<figure class=\"wp-block-image size-full img-close\"><img loading=\"lazy\" decoding=\"async\" width=\"50\" height=\"50\" src=\"https:\/\/stabnau.com\/wp-content\/uploads\/2026\/01\/close-1.png\" alt=\"\" class=\"wp-image-8239\"\/><\/figure>\n<\/div>\n<\/div>\n\n\n\n<div class=\"wp-block-columns is-layout-flex wp-container-core-columns-is-layout-9d6595d7 wp-block-columns-is-layout-flex\">\n<div class=\"wp-block-column is-layout-flow wp-block-column-is-layout-flow\">\n<h2 class=\"wp-block-heading\" id=\"h-\"><\/h2>\n<\/div>\n<\/div>\n\n\n\n<div class=\"wp-block-columns is-layout-flex wp-container-core-columns-is-layout-9d6595d7 wp-block-columns-is-layout-flex\">\n<div class=\"wp-block-column is-layout-flow wp-block-column-is-layout-flow\"><div class=\"wp-block-image\">\n<figure class=\"aligncenter size-full is-resized\"><img loading=\"lazy\" decoding=\"async\" width=\"500\" height=\"750\" src=\"https:\/\/stabnau.com\/wp-content\/uploads\/2026\/03\/AxelStabnau-683x1024-1.webp\" alt=\"Sich \u00fcber den franz\u00f6sischen oder deutschen Markt informieren\" class=\"wp-image-8865\" style=\"width:306px;height:auto\" srcset=\"https:\/\/stabnau.com\/wp-content\/uploads\/2026\/03\/AxelStabnau-683x1024-1.webp 500w, https:\/\/stabnau.com\/wp-content\/uploads\/2026\/03\/AxelStabnau-683x1024-1-200x300.webp 200w\" sizes=\"auto, (max-width: 500px) 100vw, 500px\" \/><\/figure>\n<\/div><\/div>\n\n\n\n<div class=\"wp-block-column is-layout-flow wp-block-column-is-layout-flow\">\n<h2 class=\"wp-block-heading\" id=\"h-un-cabinet-franco-allemand-pour-vous-informer-avec-precision-sur-le-marche-francais-et-ou-allemand\">Eine deutsch-franz\u00f6sische Beratung, um Sie pr\u00e4zise \u00fcber den franz\u00f6sischen und\/oder deutschen Markt zu informieren<\/h2>\n\n\n\n<p>Unsere Besonderheit ist die <strong>gleichzeitige Beherrschung beider M\u00e4rkte<\/strong>, des franz\u00f6sischen und des deutschen, mit einem zweisprachigen Team, das auf beiden Seiten des Rheins t\u00e4tig ist.<\/p>\n\n\n\n<p>Dank unseres <a href=\"https:\/\/stabnau.com\/de\/ueber-uns\/\" type=\"page\" id=\"6681\">Netzwerks lokaler Experten<\/a> sammeln wir Informationen aus der Praxis, die standardisierte Studien und KI nicht erfassen: branchenspezifische Praktiken, Einflussnetzwerke und kulturelle Codes, die bei Verhandlungen oder im Vertrieb den Unterschied machen.<\/p>\n\n\n\n<p>Ob Sie eine <strong><a href=\"https:\/\/stabnau.com\/information-marche-france-allemagne\/etude-marche-france\/\" type=\"page\" id=\"8709\">umfassende Marktstudie<\/a><\/strong>, eine <strong><a href=\"https:\/\/stabnau.com\/information-marche-france-allemagne\/etude-de-la-concurrence\/\" type=\"page\" id=\"8768\">gezielte Wettbewerbsanalyse<\/a><\/strong> oder eine <strong>kontinuierliche Marktbeobachtung<\/strong> ben\u00f6tigen \u2013 wir passen unsere Unterst\u00fctzung an Ihre Bed\u00fcrfnisse und Ihr Budget an.<\/p>\n<\/div>\n<\/div>\n","protected":false},"excerpt":{"rendered":"<p>Unsere doppelte Expertise erm\u00f6glicht es Ihnen, sich fundiert \u00fcber den franz\u00f6sischen und\/oder deutschen Markt zu informieren Sich vor einer Expansion nach Frankreich oder Deutschland \u00fcber den Markt zu informieren, ist ein entscheidender Schritt: den Markt verstehen, seine Codes, seine Akteure und seine tats\u00e4chlichen Chancen. Wir begleiten KMU und mittelst\u00e4ndische Unternehmen mit einem strukturierten Ansatz, um [&hellip;]<\/p>\n","protected":false},"author":6,"featured_media":0,"parent":0,"menu_order":0,"comment_status":"closed","ping_status":"closed","template":"","meta":{"footnotes":""},"class_list":["post-9048","page","type-page","status-publish","hentry"],"yoast_head":"<!-- This site is optimized with the Yoast SEO plugin v27.5 - https:\/\/yoast.com\/product\/yoast-seo-wordpress\/ -->\n<title>Recherchieren Sie den franz\u00f6sischen und\/oder deutschen Markt. - Stabnau<\/title>\n<meta name=\"description\" content=\"Lernen Sie den franz\u00f6sischen oder deutschen Markt und Zugangsanalysen kennen\" \/>\n<meta name=\"robots\" content=\"index, follow, max-snippet:-1, max-image-preview:large, max-video-preview:-1\" \/>\n<link rel=\"canonical\" href=\"https:\/\/stabnau.com\/de\/informations-markt-frankreich-deutschland\/\" \/>\n<meta property=\"og:locale\" content=\"de_DE\" \/>\n<meta property=\"og:type\" content=\"article\" \/>\n<meta property=\"og:title\" content=\"Recherchieren Sie den franz\u00f6sischen und\/oder deutschen Markt. - Stabnau\" \/>\n<meta property=\"og:description\" content=\"Lernen Sie den franz\u00f6sischen oder deutschen Markt und Zugangsanalysen kennen\" \/>\n<meta property=\"og:url\" content=\"https:\/\/stabnau.com\/de\/informations-markt-frankreich-deutschland\/\" \/>\n<meta property=\"og:site_name\" content=\"Stabnau\" \/>\n<meta property=\"article:modified_time\" content=\"2026-04-27T16:21:35+00:00\" \/>\n<meta property=\"og:image\" content=\"https:\/\/stabnau.com\/wp-content\/uploads\/2026\/02\/analyzing-business-chart.webp\" \/>\n\t<meta property=\"og:image:width\" content=\"500\" \/>\n\t<meta property=\"og:image:height\" content=\"334\" \/>\n\t<meta property=\"og:image:type\" content=\"image\/webp\" \/>\n<meta name=\"twitter:card\" content=\"summary_large_image\" \/>\n<meta name=\"twitter:label1\" content=\"Gesch\u00e4tzte Lesezeit\" \/>\n\t<meta name=\"twitter:data1\" content=\"3\u00a0Minuten\" \/>\n<script type=\"application\/ld+json\" class=\"yoast-schema-graph\">{\"@context\":\"https:\\\/\\\/schema.org\",\"@graph\":[{\"@type\":\"WebPage\",\"@id\":\"https:\\\/\\\/stabnau.com\\\/de\\\/informations-markt-frankreich-deutschland\\\/\",\"url\":\"https:\\\/\\\/stabnau.com\\\/de\\\/informations-markt-frankreich-deutschland\\\/\",\"name\":\"Recherchieren Sie den franz\u00f6sischen und\\\/oder deutschen Markt. - Stabnau\",\"isPartOf\":{\"@id\":\"https:\\\/\\\/stabnau.com\\\/de\\\/#website\"},\"primaryImageOfPage\":{\"@id\":\"https:\\\/\\\/stabnau.com\\\/de\\\/informations-markt-frankreich-deutschland\\\/#primaryimage\"},\"image\":{\"@id\":\"https:\\\/\\\/stabnau.com\\\/de\\\/informations-markt-frankreich-deutschland\\\/#primaryimage\"},\"thumbnailUrl\":\"https:\\\/\\\/stabnau.com\\\/wp-content\\\/uploads\\\/2026\\\/02\\\/analyzing-business-chart.webp\",\"datePublished\":\"2026-02-23T11:14:48+00:00\",\"dateModified\":\"2026-04-27T16:21:35+00:00\",\"description\":\"Lernen Sie den franz\u00f6sischen oder deutschen Markt und Zugangsanalysen kennen\",\"breadcrumb\":{\"@id\":\"https:\\\/\\\/stabnau.com\\\/de\\\/informations-markt-frankreich-deutschland\\\/#breadcrumb\"},\"inLanguage\":\"de\",\"potentialAction\":[{\"@type\":\"ReadAction\",\"target\":[\"https:\\\/\\\/stabnau.com\\\/de\\\/informations-markt-frankreich-deutschland\\\/\"]}]},{\"@type\":\"ImageObject\",\"inLanguage\":\"de\",\"@id\":\"https:\\\/\\\/stabnau.com\\\/de\\\/informations-markt-frankreich-deutschland\\\/#primaryimage\",\"url\":\"https:\\\/\\\/stabnau.com\\\/wp-content\\\/uploads\\\/2026\\\/02\\\/analyzing-business-chart.webp\",\"contentUrl\":\"https:\\\/\\\/stabnau.com\\\/wp-content\\\/uploads\\\/2026\\\/02\\\/analyzing-business-chart.webp\"},{\"@type\":\"BreadcrumbList\",\"@id\":\"https:\\\/\\\/stabnau.com\\\/de\\\/informations-markt-frankreich-deutschland\\\/#breadcrumb\",\"itemListElement\":[{\"@type\":\"ListItem\",\"position\":1,\"name\":\"Accueil\",\"item\":\"https:\\\/\\\/stabnau.com\\\/de\\\/\"},{\"@type\":\"ListItem\",\"position\":2,\"name\":\"Recherchieren Sie den franz\u00f6sischen und\\\/oder deutschen Markt.\"}]},{\"@type\":\"WebSite\",\"@id\":\"https:\\\/\\\/stabnau.com\\\/de\\\/#website\",\"url\":\"https:\\\/\\\/stabnau.com\\\/de\\\/\",\"name\":\"Stabnau\",\"description\":\"D\u00e9veloppement commercial franco-allemand\",\"publisher\":{\"@id\":\"https:\\\/\\\/stabnau.com\\\/de\\\/#organization\"},\"potentialAction\":[{\"@type\":\"SearchAction\",\"target\":{\"@type\":\"EntryPoint\",\"urlTemplate\":\"https:\\\/\\\/stabnau.com\\\/de\\\/?s={search_term_string}\"},\"query-input\":{\"@type\":\"PropertyValueSpecification\",\"valueRequired\":true,\"valueName\":\"search_term_string\"}}],\"inLanguage\":\"de\"},{\"@type\":\"Organization\",\"@id\":\"https:\\\/\\\/stabnau.com\\\/de\\\/#organization\",\"name\":\"Stabnau\",\"url\":\"https:\\\/\\\/stabnau.com\\\/de\\\/\",\"logo\":{\"@type\":\"ImageObject\",\"inLanguage\":\"de\",\"@id\":\"https:\\\/\\\/stabnau.com\\\/de\\\/#\\\/schema\\\/logo\\\/image\\\/\",\"url\":\"https:\\\/\\\/stabnau.com\\\/wp-content\\\/uploads\\\/2022\\\/01\\\/cropped-Stabnau_logo-Stabnau-Business-development.png\",\"contentUrl\":\"https:\\\/\\\/stabnau.com\\\/wp-content\\\/uploads\\\/2022\\\/01\\\/cropped-Stabnau_logo-Stabnau-Business-development.png\",\"width\":1601,\"height\":426,\"caption\":\"Stabnau\"},\"image\":{\"@id\":\"https:\\\/\\\/stabnau.com\\\/de\\\/#\\\/schema\\\/logo\\\/image\\\/\"}}]}<\/script>\n<!-- \/ Yoast SEO plugin. -->","yoast_head_json":{"title":"Recherchieren Sie den franz\u00f6sischen und\/oder deutschen Markt. - Stabnau","description":"Lernen Sie den franz\u00f6sischen oder deutschen Markt und Zugangsanalysen kennen","robots":{"index":"index","follow":"follow","max-snippet":"max-snippet:-1","max-image-preview":"max-image-preview:large","max-video-preview":"max-video-preview:-1"},"canonical":"https:\/\/stabnau.com\/de\/informations-markt-frankreich-deutschland\/","og_locale":"de_DE","og_type":"article","og_title":"Recherchieren Sie den franz\u00f6sischen und\/oder deutschen Markt. - Stabnau","og_description":"Lernen Sie den franz\u00f6sischen oder deutschen Markt und Zugangsanalysen kennen","og_url":"https:\/\/stabnau.com\/de\/informations-markt-frankreich-deutschland\/","og_site_name":"Stabnau","article_modified_time":"2026-04-27T16:21:35+00:00","og_image":[{"width":500,"height":334,"url":"https:\/\/stabnau.com\/wp-content\/uploads\/2026\/02\/analyzing-business-chart.webp","type":"image\/webp"}],"twitter_card":"summary_large_image","twitter_misc":{"Gesch\u00e4tzte Lesezeit":"3\u00a0Minuten"},"schema":{"@context":"https:\/\/schema.org","@graph":[{"@type":"WebPage","@id":"https:\/\/stabnau.com\/de\/informations-markt-frankreich-deutschland\/","url":"https:\/\/stabnau.com\/de\/informations-markt-frankreich-deutschland\/","name":"Recherchieren Sie den franz\u00f6sischen und\/oder deutschen Markt. - Stabnau","isPartOf":{"@id":"https:\/\/stabnau.com\/de\/#website"},"primaryImageOfPage":{"@id":"https:\/\/stabnau.com\/de\/informations-markt-frankreich-deutschland\/#primaryimage"},"image":{"@id":"https:\/\/stabnau.com\/de\/informations-markt-frankreich-deutschland\/#primaryimage"},"thumbnailUrl":"https:\/\/stabnau.com\/wp-content\/uploads\/2026\/02\/analyzing-business-chart.webp","datePublished":"2026-02-23T11:14:48+00:00","dateModified":"2026-04-27T16:21:35+00:00","description":"Lernen Sie den franz\u00f6sischen oder deutschen Markt und Zugangsanalysen kennen","breadcrumb":{"@id":"https:\/\/stabnau.com\/de\/informations-markt-frankreich-deutschland\/#breadcrumb"},"inLanguage":"de","potentialAction":[{"@type":"ReadAction","target":["https:\/\/stabnau.com\/de\/informations-markt-frankreich-deutschland\/"]}]},{"@type":"ImageObject","inLanguage":"de","@id":"https:\/\/stabnau.com\/de\/informations-markt-frankreich-deutschland\/#primaryimage","url":"https:\/\/stabnau.com\/wp-content\/uploads\/2026\/02\/analyzing-business-chart.webp","contentUrl":"https:\/\/stabnau.com\/wp-content\/uploads\/2026\/02\/analyzing-business-chart.webp"},{"@type":"BreadcrumbList","@id":"https:\/\/stabnau.com\/de\/informations-markt-frankreich-deutschland\/#breadcrumb","itemListElement":[{"@type":"ListItem","position":1,"name":"Accueil","item":"https:\/\/stabnau.com\/de\/"},{"@type":"ListItem","position":2,"name":"Recherchieren Sie den franz\u00f6sischen und\/oder deutschen Markt."}]},{"@type":"WebSite","@id":"https:\/\/stabnau.com\/de\/#website","url":"https:\/\/stabnau.com\/de\/","name":"Stabnau","description":"D\u00e9veloppement commercial franco-allemand","publisher":{"@id":"https:\/\/stabnau.com\/de\/#organization"},"potentialAction":[{"@type":"SearchAction","target":{"@type":"EntryPoint","urlTemplate":"https:\/\/stabnau.com\/de\/?s={search_term_string}"},"query-input":{"@type":"PropertyValueSpecification","valueRequired":true,"valueName":"search_term_string"}}],"inLanguage":"de"},{"@type":"Organization","@id":"https:\/\/stabnau.com\/de\/#organization","name":"Stabnau","url":"https:\/\/stabnau.com\/de\/","logo":{"@type":"ImageObject","inLanguage":"de","@id":"https:\/\/stabnau.com\/de\/#\/schema\/logo\/image\/","url":"https:\/\/stabnau.com\/wp-content\/uploads\/2022\/01\/cropped-Stabnau_logo-Stabnau-Business-development.png","contentUrl":"https:\/\/stabnau.com\/wp-content\/uploads\/2022\/01\/cropped-Stabnau_logo-Stabnau-Business-development.png","width":1601,"height":426,"caption":"Stabnau"},"image":{"@id":"https:\/\/stabnau.com\/de\/#\/schema\/logo\/image\/"}}]}},"_links":{"self":[{"href":"https:\/\/stabnau.com\/de\/wp-json\/wp\/v2\/pages\/9048","targetHints":{"allow":["GET"]}}],"collection":[{"href":"https:\/\/stabnau.com\/de\/wp-json\/wp\/v2\/pages"}],"about":[{"href":"https:\/\/stabnau.com\/de\/wp-json\/wp\/v2\/types\/page"}],"author":[{"embeddable":true,"href":"https:\/\/stabnau.com\/de\/wp-json\/wp\/v2\/users\/6"}],"replies":[{"embeddable":true,"href":"https:\/\/stabnau.com\/de\/wp-json\/wp\/v2\/comments?post=9048"}],"version-history":[{"count":3,"href":"https:\/\/stabnau.com\/de\/wp-json\/wp\/v2\/pages\/9048\/revisions"}],"predecessor-version":[{"id":9075,"href":"https:\/\/stabnau.com\/de\/wp-json\/wp\/v2\/pages\/9048\/revisions\/9075"}],"wp:attachment":[{"href":"https:\/\/stabnau.com\/de\/wp-json\/wp\/v2\/media?parent=9048"}],"curies":[{"name":"wp","href":"https:\/\/api.w.org\/{rel}","templated":true}]}}