{"id":9053,"date":"2026-04-27T08:47:59","date_gmt":"2026-04-27T06:47:59","guid":{"rendered":"https:\/\/stabnau.com\/?page_id=9053"},"modified":"2026-04-27T08:48:24","modified_gmt":"2026-04-27T06:48:24","slug":"unternehmensgruendung-in-frankreich-oder-deutschland","status":"publish","type":"page","link":"https:\/\/stabnau.com\/de\/unternehmensgruendung-in-frankreich-oder-deutschland\/","title":{"rendered":"Unternehmensgr\u00fcndung in Frankreich oder Deutschland"},"content":{"rendered":"\n<div class=\"wp-block-columns bloc-2col-bg is-layout-flex wp-container-core-columns-is-layout-9d6595d7 wp-block-columns-is-layout-flex\">\n<div class=\"wp-block-column is-layout-flow wp-block-column-is-layout-flow\">\n<h2 class=\"wp-block-heading\" id=\"h-notre-double-expertise-vous-accompagne-dans-votre-implantation-en-france-ou-en-allemagne\">Unsere doppelte Expertise begleitet Sie bei Ihrer Markteintritt in Frankreich oder Deutschland<\/h2>\n\n\n\n<p id=\"h-avant-de-vous-developper-en-france-ou-en-allemagne-une-etape-fait-toute-la-difference-comprendre-le-marche-ses-codes-ses-acteurs-et-ses-opportunites-reelles-nous-accompagnons-les-pme-et-eti-dans-une-approche-structuree-pour-reduire-les-risques-valider-le-potentiel-et-prendre-les-bonnes-decisions-avant-d-investir-du-temps-et-des-ressources\">Ein Unternehmen in Frankreich oder Deutschland zu etablieren bedeutet mehr als nur einen Markt zu verstehen: Es geht darum, ins Handeln zu kommen, Ihr Projekt zu strukturieren und jeden operativen Schritt abzusichern.<\/p>\n\n\n\n<p>Die Gr\u00fcndung einer Tochtergesellschaft, der Ausbau einer Aktivit\u00e4t oder eine nachhaltige Etablierung in einem neuen Markt erfordern die Beherrschung rechtlicher, kommerzieller, organisatorischer und kultureller Aspekte. Jede Entscheidung hat direkten Einfluss auf Ihren Erfolg.<\/p>\n\n\n\n<div class=\"wp-block-buttons is-layout-flex wp-block-buttons-is-layout-flex\">\n<div class=\"wp-block-button\"><a class=\"wp-block-button__link wp-element-button\" href=\"https:\/\/stabnau.com\/de\/contact\/\">Angebot anfordern<\/a><\/div>\n<\/div>\n<\/div>\n\n\n\n<div class=\"wp-block-column is-layout-flow wp-block-column-is-layout-flow\">\n<figure class=\"wp-block-image size-full border-radius demi-cercle right\"><img loading=\"lazy\" decoding=\"async\" width=\"500\" height=\"334\" src=\"https:\/\/stabnau.com\/wp-content\/uploads\/2026\/02\/analyzing-business-chart.webp\" alt=\"Sich \u00fcber den franz\u00f6sischen oder deutschen Markt informieren\" class=\"wp-image-8650\" srcset=\"https:\/\/stabnau.com\/wp-content\/uploads\/2026\/02\/analyzing-business-chart.webp 500w, https:\/\/stabnau.com\/wp-content\/uploads\/2026\/02\/analyzing-business-chart-300x200.webp 300w\" sizes=\"auto, (max-width: 500px) 100vw, 500px\" \/><\/figure>\n\n\n<\/div>\n<\/div>\n\n\n\n<hr class=\"wp-block-separator has-alpha-channel-opacity\"\/>\n\n\n\n<h2 class=\"wp-block-heading has-text-align-center\" id=\"h-choisissez-le-marche-qui-vous-concerne-pour-acceder-a-nos-solutions-d-analyse\">W\u00e4hlen Sie den Markt, der Sie betrifft, um Zugang zu unseren Analyse-L\u00f6sungen zu erhalten.<\/h2>\n\n\n\n<hr class=\"wp-block-separator has-alpha-channel-opacity\"\/>\n\n\n\n<div class=\"wp-block-columns is-layout-flex wp-container-core-columns-is-layout-9d6595d7 wp-block-columns-is-layout-flex\">\n<div class=\"wp-block-column bloc-bg-orange is-layout-flow wp-block-column-is-layout-flow\"><div class=\"wp-block-image drapeau\">\n<figure class=\"aligncenter size-full\"><img loading=\"lazy\" decoding=\"async\" width=\"47\" height=\"47\" src=\"https:\/\/stabnau.com\/wp-content\/uploads\/2026\/02\/de.png\" alt=\"Sich \u00fcber den franz\u00f6sischen oder deutschen Markt informieren\" class=\"wp-image-8663\"\/><\/figure>\n<\/div>\n\n\n<h3 class=\"wp-block-heading has-text-align-center\" id=\"h-s-implanter-sur-le-marche-allemand\"><strong>Sich auf dem deutschen Markt etablieren<\/strong><\/h3>\n\n\n\n<p class=\"has-text-align-center\">Die Etablierung in Deutschland erfordert eine strukturierte und rigorose Vorgehensweise: Gr\u00fcndung einer Einheit, Anpassung Ihres Angebots, Aufbau eines lokalen Netzwerks und Verst\u00e4ndnis der Entscheidungsprozesse. Der deutsche Markt legt gro\u00dfen Wert auf Zuverl\u00e4ssigkeit, Qualit\u00e4t und langfristige Beziehungen. Eine erfolgreiche Etablierung basiert auf einer soliden operativen Vorbereitung und einer pr\u00e4zisen Umsetzung.<\/p>\n\n\n<\/div>\n\n\n\n<div class=\"wp-block-column bloc-bg-orange is-layout-flow wp-block-column-is-layout-flow\"><div class=\"wp-block-image drapeau\">\n<figure class=\"aligncenter size-full\"><img loading=\"lazy\" decoding=\"async\" width=\"47\" height=\"47\" src=\"https:\/\/stabnau.com\/wp-content\/uploads\/2026\/02\/fr.png\" alt=\"Sich \u00fcber den franz\u00f6sischen oder deutschen Markt informieren\" class=\"wp-image-8666\"\/><\/figure>\n<\/div>\n\n\n<h3 class=\"wp-block-heading has-text-align-center\" id=\"h-s-implanter-sur-le-marche-francais\"><strong>Sich auf dem franz\u00f6sischen Markt etablieren<\/strong><\/h3>\n\n\n\n<p class=\"has-text-align-center\">Die Etablierung in Frankreich erfordert die Anpassung Ihrer Vertriebsstrategie, Ihrer Positionierung und Ihrer Akquisitionskan\u00e4le. Der Erfolg h\u00e4ngt von einem guten Verst\u00e4ndnis der lokalen Akteure, der Entscheidungszyklen und der branchenspezifischen Besonderheiten ab. Eine effektive Etablierung basiert auf Ihrer F\u00e4higkeit, sich schnell zu differenzieren und erste Gesch\u00e4ftsm\u00f6glichkeiten zu nutzen.<\/p>\n\n\n<\/div>\n<\/div>\n\n\n\n<div style=\"height:26px\" aria-hidden=\"true\" class=\"wp-block-spacer\"><\/div>\n\n\n\n<hr class=\"wp-block-separator has-alpha-channel-opacity\"\/>\n\n\n\n<div style=\"height:25px\" aria-hidden=\"true\" class=\"wp-block-spacer\"><\/div>\n\n\n\n<div class=\"wp-block-columns is-layout-flex wp-container-core-columns-is-layout-9d6595d7 wp-block-columns-is-layout-flex\">\n<div class=\"wp-block-column is-layout-flow wp-block-column-is-layout-flow\" style=\"flex-basis:33.33%\">\n<h2 class=\"wp-block-heading\" id=\"h-reussir-l-implantation-de-votre-entreprise-nos-solutions\">Den Markteintritt Ihres Unternehmens erfolgreich gestalten: unsere L\u00f6sungen<\/h2>\n\n\n\n<p>Je nach Entwicklungsstand und Zielsetzung Ihres Unternehmens bieten wir Ihnen konkrete L\u00f6sungen, um Ihren Markteintritt erfolgreich umzusetzen und Ihr internationales Wachstum zu strukturieren.<\/p>\n<\/div>\n\n\n\n<div class=\"wp-block-column is-layout-flow wp-block-column-is-layout-flow\" style=\"flex-basis:66.66%\">\n<div class=\"wp-block-columns is-layout-flex wp-container-core-columns-is-layout-9d6595d7 wp-block-columns-is-layout-flex\">\n<div class=\"wp-block-column border-right is-layout-flow wp-block-column-is-layout-flow\">\n<h3 class=\"wp-block-heading\" id=\"h-strategie-de-developpement\"><strong><strong><strong>Entwicklungsstrategie<\/strong><\/strong><\/strong><\/h3>\n\n\n\n<p>Bereiten Sie ein nachhaltiges Wachstum auf Ihrem Markt vor<\/p>\n<\/div>\n\n\n\n<div class=\"wp-block-column border-right is-layout-flow wp-block-column-is-layout-flow\">\n<h3 class=\"wp-block-heading\" id=\"h-ciblage-et-approche-de-clients-potentiels-nbsp\"><strong><strong>Zielgruppenbestimmung und Ansprache potenzieller Kunden<\/strong>&nbsp;<\/strong><\/h3>\n\n\n\n<p>Eine konkrete und effektive Akquise f\u00fcr Ihr Unternehmen<\/p>\n<\/div>\n\n\n\n<div class=\"wp-block-column is-layout-flow wp-block-column-is-layout-flow\">\n<h3 class=\"wp-block-heading\" id=\"h-mise-en-place-de-votre-activite\"><strong><strong>Umsetzung Ihrer Gesch\u00e4ftst\u00e4tigkeit<\/strong><\/strong><\/h3>\n\n\n\n<p>Wir begleiten Sie bei der konkreten Umsetzung<\/p>\n<\/div>\n<\/div>\n<\/div>\n<\/div>\n\n\n\n<hr class=\"wp-block-separator has-alpha-channel-opacity\"\/>\n\n\n\n<div class=\"wp-block-columns is-layout-flex wp-container-core-columns-is-layout-9d6595d7 wp-block-columns-is-layout-flex\">\n<div class=\"wp-block-column is-layout-flow wp-block-column-is-layout-flow\"><div class=\"wp-block-image\">\n<figure class=\"aligncenter size-full is-resized\"><img loading=\"lazy\" decoding=\"async\" width=\"500\" height=\"750\" src=\"https:\/\/stabnau.com\/wp-content\/uploads\/2026\/03\/AxelStabnau-683x1024-1.webp\" alt=\"Sich \u00fcber den franz\u00f6sischen oder deutschen Markt informieren\" class=\"wp-image-8865\" style=\"width:306px;height:auto\" srcset=\"https:\/\/stabnau.com\/wp-content\/uploads\/2026\/03\/AxelStabnau-683x1024-1.webp 500w, https:\/\/stabnau.com\/wp-content\/uploads\/2026\/03\/AxelStabnau-683x1024-1-200x300.webp 200w\" sizes=\"auto, (max-width: 500px) 100vw, 500px\" \/><\/figure>\n<\/div><\/div>\n\n\n\n<div class=\"wp-block-column is-layout-flow wp-block-column-is-layout-flow\">\n<h2 class=\"wp-block-heading\" id=\"h-un-cabinet-franco-allemand-pour-vous-informer-avec-precision-sur-le-marche-francais-et-ou-allemand\">Eine deutsch-franz\u00f6sische Beratung, um Sie pr\u00e4zise \u00fcber den franz\u00f6sischen und\/oder deutschen Markt zu informieren<\/h2>\n\n\n\n<p>Unsere Besonderheit ist die <strong>gleichzeitige Beherrschung beider M\u00e4rkte<\/strong>, des franz\u00f6sischen und des deutschen, mit einem zweisprachigen Team, das auf beiden Seiten des Rheins t\u00e4tig ist.<\/p>\n\n\n\n<p>Dank unseres <a href=\"https:\/\/stabnau.com\/de\/ueber-uns\/\" type=\"page\" id=\"6681\">Netzwerks lokaler Experten<\/a> sammeln wir Informationen aus der Praxis, die standardisierte Studien und KI nicht erfassen: branchenspezifische Praktiken, Einflussnetzwerke und kulturelle Codes, die bei Verhandlungen oder im Vertrieb den Unterschied machen.<\/p>\n\n\n\n<p>Ob Sie eine <strong><a href=\"https:\/\/stabnau.com\/information-marche-france-allemagne\/etude-marche-france\/\" type=\"page\" id=\"8709\">umfassende Marktstudie<\/a><\/strong>, eine <strong><a href=\"https:\/\/stabnau.com\/information-marche-france-allemagne\/etude-de-la-concurrence\/\" type=\"page\" id=\"8768\">gezielte Wettbewerbsanalyse<\/a><\/strong> oder eine <strong>kontinuierliche Marktbeobachtung<\/strong> ben\u00f6tigen \u2013 wir passen unsere Unterst\u00fctzung an Ihre Bed\u00fcrfnisse und Ihr Budget an.<\/p>\n<\/div>\n<\/div>\n\n\n\n<div style=\"height:100px\" aria-hidden=\"true\" class=\"wp-block-spacer\"><\/div>\n\n\n\n<div class=\"wp-block-columns bloc-cta is-layout-flex wp-container-core-columns-is-layout-9d6595d7 wp-block-columns-is-layout-flex\">\n<div class=\"wp-block-column is-layout-flow wp-block-column-is-layout-flow\">\n<h2 class=\"wp-block-heading has-text-align-center\" id=\"h-lassen-sie-uns-uber-ihr-projekt-sprechen\">Lassen Sie uns \u00fcber Ihr Projekt sprechen<\/h2>\n\n\n\n<p class=\"has-text-align-center\">Ihr Erfolg beginnt jetzt!<\/p>\n\n\n\n<div class=\"wp-block-columns is-layout-flex wp-container-core-columns-is-layout-9d6595d7 wp-block-columns-is-layout-flex\">\n<div class=\"wp-block-column is-layout-flow wp-block-column-is-layout-flow\">\n<div class=\"wp-block-buttons is-content-justification-right is-layout-flex wp-container-core-buttons-is-layout-765c4724 wp-block-buttons-is-layout-flex\">\n<div class=\"wp-block-button\"><a class=\"wp-block-button__link wp-element-button\" href=\"https:\/\/stabnau.com\/contact\/\">Ich buche online einen Termin.<\/a><\/div>\n<\/div>\n<\/div>\n\n\n\n<div class=\"wp-block-column is-layout-flow wp-block-column-is-layout-flow\">\n<div class=\"wp-block-buttons is-content-justification-left is-layout-flex wp-container-core-buttons-is-layout-fdcfc74e wp-block-buttons-is-layout-flex\">\n<div class=\"wp-block-button cta-tel\"><a class=\"wp-block-button__link wp-element-button\">Ich rufe jetzt an.<\/a><\/div>\n<\/div>\n<\/div>\n<\/div>\n<\/div>\n\n\n\n<div class=\"wp-block-column bloc-tel is-layout-flow wp-block-column-is-layout-flow\">\n<p class=\"has-text-align-center\">Haben Sie eine Frage? <br>Ben\u00f6tigen Sie weitere Informationen?<br><br>Wir antworten Ihnen umgehend.<br><br><strong>+33 3 69 02 31 85\u200b<\/strong><\/p>\n\n\n\n<figure class=\"wp-block-image size-full img-close\"><img loading=\"lazy\" decoding=\"async\" width=\"50\" height=\"50\" src=\"https:\/\/stabnau.com\/wp-content\/uploads\/2026\/01\/close-1.png\" alt=\"\" class=\"wp-image-8239\"\/><\/figure>\n<\/div>\n<\/div>\n","protected":false},"excerpt":{"rendered":"<p>Unsere doppelte Expertise begleitet Sie bei Ihrer Markteintritt in Frankreich oder Deutschland Ein Unternehmen in Frankreich oder Deutschland zu etablieren bedeutet mehr als nur einen Markt zu verstehen: Es geht darum, ins Handeln zu kommen, Ihr Projekt zu strukturieren und jeden operativen Schritt abzusichern. Die Gr\u00fcndung einer Tochtergesellschaft, der Ausbau einer Aktivit\u00e4t oder eine nachhaltige [&hellip;]<\/p>\n","protected":false},"author":6,"featured_media":0,"parent":0,"menu_order":0,"comment_status":"closed","ping_status":"closed","template":"","meta":{"footnotes":""},"class_list":["post-9053","page","type-page","status-publish","hentry"],"yoast_head":"<!-- This site is optimized with the Yoast SEO plugin v27.5 - https:\/\/yoast.com\/product\/yoast-seo-wordpress\/ -->\n<title>Unternehmensgr\u00fcndung in Frankreich oder Deutschland - Stabnau<\/title>\n<meta name=\"description\" content=\"Unsere doppelte Expertise begleitet Sie bei Ihrer Markteintritt in Frankreich oder Deutschland\" \/>\n<meta name=\"robots\" content=\"index, follow, max-snippet:-1, max-image-preview:large, max-video-preview:-1\" \/>\n<link rel=\"canonical\" href=\"https:\/\/stabnau.com\/de\/unternehmensgruendung-in-frankreich-oder-deutschland\/\" \/>\n<meta property=\"og:locale\" content=\"de_DE\" \/>\n<meta property=\"og:type\" content=\"article\" \/>\n<meta property=\"og:title\" content=\"Unternehmensgr\u00fcndung in Frankreich oder Deutschland - Stabnau\" \/>\n<meta property=\"og:description\" content=\"Unsere doppelte Expertise begleitet Sie bei Ihrer Markteintritt in Frankreich oder Deutschland\" \/>\n<meta property=\"og:url\" content=\"https:\/\/stabnau.com\/de\/unternehmensgruendung-in-frankreich-oder-deutschland\/\" \/>\n<meta property=\"og:site_name\" content=\"Stabnau\" \/>\n<meta property=\"article:modified_time\" content=\"2026-04-27T06:48:24+00:00\" \/>\n<meta property=\"og:image\" content=\"https:\/\/stabnau.com\/wp-content\/uploads\/2026\/02\/analyzing-business-chart.webp\" \/>\n\t<meta property=\"og:image:width\" content=\"500\" \/>\n\t<meta property=\"og:image:height\" content=\"334\" \/>\n\t<meta property=\"og:image:type\" content=\"image\/webp\" \/>\n<meta name=\"twitter:card\" content=\"summary_large_image\" \/>\n<meta name=\"twitter:label1\" content=\"Gesch\u00e4tzte Lesezeit\" \/>\n\t<meta name=\"twitter:data1\" content=\"4\u00a0Minuten\" \/>\n<script type=\"application\/ld+json\" class=\"yoast-schema-graph\">{\"@context\":\"https:\\\/\\\/schema.org\",\"@graph\":[{\"@type\":\"WebPage\",\"@id\":\"https:\\\/\\\/stabnau.com\\\/de\\\/unternehmensgruendung-in-frankreich-oder-deutschland\\\/\",\"url\":\"https:\\\/\\\/stabnau.com\\\/de\\\/unternehmensgruendung-in-frankreich-oder-deutschland\\\/\",\"name\":\"Unternehmensgr\u00fcndung in Frankreich oder Deutschland - Stabnau\",\"isPartOf\":{\"@id\":\"https:\\\/\\\/stabnau.com\\\/de\\\/#website\"},\"primaryImageOfPage\":{\"@id\":\"https:\\\/\\\/stabnau.com\\\/de\\\/unternehmensgruendung-in-frankreich-oder-deutschland\\\/#primaryimage\"},\"image\":{\"@id\":\"https:\\\/\\\/stabnau.com\\\/de\\\/unternehmensgruendung-in-frankreich-oder-deutschland\\\/#primaryimage\"},\"thumbnailUrl\":\"https:\\\/\\\/stabnau.com\\\/wp-content\\\/uploads\\\/2026\\\/02\\\/analyzing-business-chart.webp\",\"datePublished\":\"2026-04-27T06:47:59+00:00\",\"dateModified\":\"2026-04-27T06:48:24+00:00\",\"description\":\"Unsere doppelte Expertise begleitet Sie bei Ihrer Markteintritt in Frankreich oder Deutschland\",\"breadcrumb\":{\"@id\":\"https:\\\/\\\/stabnau.com\\\/de\\\/unternehmensgruendung-in-frankreich-oder-deutschland\\\/#breadcrumb\"},\"inLanguage\":\"de\",\"potentialAction\":[{\"@type\":\"ReadAction\",\"target\":[\"https:\\\/\\\/stabnau.com\\\/de\\\/unternehmensgruendung-in-frankreich-oder-deutschland\\\/\"]}]},{\"@type\":\"ImageObject\",\"inLanguage\":\"de\",\"@id\":\"https:\\\/\\\/stabnau.com\\\/de\\\/unternehmensgruendung-in-frankreich-oder-deutschland\\\/#primaryimage\",\"url\":\"https:\\\/\\\/stabnau.com\\\/wp-content\\\/uploads\\\/2026\\\/02\\\/analyzing-business-chart.webp\",\"contentUrl\":\"https:\\\/\\\/stabnau.com\\\/wp-content\\\/uploads\\\/2026\\\/02\\\/analyzing-business-chart.webp\"},{\"@type\":\"BreadcrumbList\",\"@id\":\"https:\\\/\\\/stabnau.com\\\/de\\\/unternehmensgruendung-in-frankreich-oder-deutschland\\\/#breadcrumb\",\"itemListElement\":[{\"@type\":\"ListItem\",\"position\":1,\"name\":\"Accueil\",\"item\":\"https:\\\/\\\/stabnau.com\\\/de\\\/\"},{\"@type\":\"ListItem\",\"position\":2,\"name\":\"Unternehmensgr\u00fcndung in Frankreich oder Deutschland\"}]},{\"@type\":\"WebSite\",\"@id\":\"https:\\\/\\\/stabnau.com\\\/de\\\/#website\",\"url\":\"https:\\\/\\\/stabnau.com\\\/de\\\/\",\"name\":\"Stabnau\",\"description\":\"D\u00e9veloppement commercial franco-allemand\",\"publisher\":{\"@id\":\"https:\\\/\\\/stabnau.com\\\/de\\\/#organization\"},\"potentialAction\":[{\"@type\":\"SearchAction\",\"target\":{\"@type\":\"EntryPoint\",\"urlTemplate\":\"https:\\\/\\\/stabnau.com\\\/de\\\/?s={search_term_string}\"},\"query-input\":{\"@type\":\"PropertyValueSpecification\",\"valueRequired\":true,\"valueName\":\"search_term_string\"}}],\"inLanguage\":\"de\"},{\"@type\":\"Organization\",\"@id\":\"https:\\\/\\\/stabnau.com\\\/de\\\/#organization\",\"name\":\"Stabnau\",\"url\":\"https:\\\/\\\/stabnau.com\\\/de\\\/\",\"logo\":{\"@type\":\"ImageObject\",\"inLanguage\":\"de\",\"@id\":\"https:\\\/\\\/stabnau.com\\\/de\\\/#\\\/schema\\\/logo\\\/image\\\/\",\"url\":\"https:\\\/\\\/stabnau.com\\\/wp-content\\\/uploads\\\/2022\\\/01\\\/cropped-Stabnau_logo-Stabnau-Business-development.png\",\"contentUrl\":\"https:\\\/\\\/stabnau.com\\\/wp-content\\\/uploads\\\/2022\\\/01\\\/cropped-Stabnau_logo-Stabnau-Business-development.png\",\"width\":1601,\"height\":426,\"caption\":\"Stabnau\"},\"image\":{\"@id\":\"https:\\\/\\\/stabnau.com\\\/de\\\/#\\\/schema\\\/logo\\\/image\\\/\"}}]}<\/script>\n<!-- \/ Yoast SEO plugin. -->","yoast_head_json":{"title":"Unternehmensgr\u00fcndung in Frankreich oder Deutschland - Stabnau","description":"Unsere doppelte Expertise begleitet Sie bei Ihrer Markteintritt in Frankreich oder Deutschland","robots":{"index":"index","follow":"follow","max-snippet":"max-snippet:-1","max-image-preview":"max-image-preview:large","max-video-preview":"max-video-preview:-1"},"canonical":"https:\/\/stabnau.com\/de\/unternehmensgruendung-in-frankreich-oder-deutschland\/","og_locale":"de_DE","og_type":"article","og_title":"Unternehmensgr\u00fcndung in Frankreich oder Deutschland - Stabnau","og_description":"Unsere doppelte Expertise begleitet Sie bei Ihrer Markteintritt in Frankreich oder Deutschland","og_url":"https:\/\/stabnau.com\/de\/unternehmensgruendung-in-frankreich-oder-deutschland\/","og_site_name":"Stabnau","article_modified_time":"2026-04-27T06:48:24+00:00","og_image":[{"width":500,"height":334,"url":"https:\/\/stabnau.com\/wp-content\/uploads\/2026\/02\/analyzing-business-chart.webp","type":"image\/webp"}],"twitter_card":"summary_large_image","twitter_misc":{"Gesch\u00e4tzte Lesezeit":"4\u00a0Minuten"},"schema":{"@context":"https:\/\/schema.org","@graph":[{"@type":"WebPage","@id":"https:\/\/stabnau.com\/de\/unternehmensgruendung-in-frankreich-oder-deutschland\/","url":"https:\/\/stabnau.com\/de\/unternehmensgruendung-in-frankreich-oder-deutschland\/","name":"Unternehmensgr\u00fcndung in Frankreich oder Deutschland - Stabnau","isPartOf":{"@id":"https:\/\/stabnau.com\/de\/#website"},"primaryImageOfPage":{"@id":"https:\/\/stabnau.com\/de\/unternehmensgruendung-in-frankreich-oder-deutschland\/#primaryimage"},"image":{"@id":"https:\/\/stabnau.com\/de\/unternehmensgruendung-in-frankreich-oder-deutschland\/#primaryimage"},"thumbnailUrl":"https:\/\/stabnau.com\/wp-content\/uploads\/2026\/02\/analyzing-business-chart.webp","datePublished":"2026-04-27T06:47:59+00:00","dateModified":"2026-04-27T06:48:24+00:00","description":"Unsere doppelte Expertise begleitet Sie bei Ihrer Markteintritt in Frankreich oder Deutschland","breadcrumb":{"@id":"https:\/\/stabnau.com\/de\/unternehmensgruendung-in-frankreich-oder-deutschland\/#breadcrumb"},"inLanguage":"de","potentialAction":[{"@type":"ReadAction","target":["https:\/\/stabnau.com\/de\/unternehmensgruendung-in-frankreich-oder-deutschland\/"]}]},{"@type":"ImageObject","inLanguage":"de","@id":"https:\/\/stabnau.com\/de\/unternehmensgruendung-in-frankreich-oder-deutschland\/#primaryimage","url":"https:\/\/stabnau.com\/wp-content\/uploads\/2026\/02\/analyzing-business-chart.webp","contentUrl":"https:\/\/stabnau.com\/wp-content\/uploads\/2026\/02\/analyzing-business-chart.webp"},{"@type":"BreadcrumbList","@id":"https:\/\/stabnau.com\/de\/unternehmensgruendung-in-frankreich-oder-deutschland\/#breadcrumb","itemListElement":[{"@type":"ListItem","position":1,"name":"Accueil","item":"https:\/\/stabnau.com\/de\/"},{"@type":"ListItem","position":2,"name":"Unternehmensgr\u00fcndung in Frankreich oder Deutschland"}]},{"@type":"WebSite","@id":"https:\/\/stabnau.com\/de\/#website","url":"https:\/\/stabnau.com\/de\/","name":"Stabnau","description":"D\u00e9veloppement commercial franco-allemand","publisher":{"@id":"https:\/\/stabnau.com\/de\/#organization"},"potentialAction":[{"@type":"SearchAction","target":{"@type":"EntryPoint","urlTemplate":"https:\/\/stabnau.com\/de\/?s={search_term_string}"},"query-input":{"@type":"PropertyValueSpecification","valueRequired":true,"valueName":"search_term_string"}}],"inLanguage":"de"},{"@type":"Organization","@id":"https:\/\/stabnau.com\/de\/#organization","name":"Stabnau","url":"https:\/\/stabnau.com\/de\/","logo":{"@type":"ImageObject","inLanguage":"de","@id":"https:\/\/stabnau.com\/de\/#\/schema\/logo\/image\/","url":"https:\/\/stabnau.com\/wp-content\/uploads\/2022\/01\/cropped-Stabnau_logo-Stabnau-Business-development.png","contentUrl":"https:\/\/stabnau.com\/wp-content\/uploads\/2022\/01\/cropped-Stabnau_logo-Stabnau-Business-development.png","width":1601,"height":426,"caption":"Stabnau"},"image":{"@id":"https:\/\/stabnau.com\/de\/#\/schema\/logo\/image\/"}}]}},"_links":{"self":[{"href":"https:\/\/stabnau.com\/de\/wp-json\/wp\/v2\/pages\/9053","targetHints":{"allow":["GET"]}}],"collection":[{"href":"https:\/\/stabnau.com\/de\/wp-json\/wp\/v2\/pages"}],"about":[{"href":"https:\/\/stabnau.com\/de\/wp-json\/wp\/v2\/types\/page"}],"author":[{"embeddable":true,"href":"https:\/\/stabnau.com\/de\/wp-json\/wp\/v2\/users\/6"}],"replies":[{"embeddable":true,"href":"https:\/\/stabnau.com\/de\/wp-json\/wp\/v2\/comments?post=9053"}],"version-history":[{"count":4,"href":"https:\/\/stabnau.com\/de\/wp-json\/wp\/v2\/pages\/9053\/revisions"}],"predecessor-version":[{"id":9057,"href":"https:\/\/stabnau.com\/de\/wp-json\/wp\/v2\/pages\/9053\/revisions\/9057"}],"wp:attachment":[{"href":"https:\/\/stabnau.com\/de\/wp-json\/wp\/v2\/media?parent=9053"}],"curies":[{"name":"wp","href":"https:\/\/api.w.org\/{rel}","templated":true}]}}