{"id":9059,"date":"2026-04-15T12:38:06","date_gmt":"2026-04-15T10:38:06","guid":{"rendered":"https:\/\/stabnau.com\/developper-son-entreprise\/"},"modified":"2026-04-27T08:52:51","modified_gmt":"2026-04-27T06:52:51","slug":"geschaftsentwicklung-frankreich-oder-deutschland","status":"publish","type":"page","link":"https:\/\/stabnau.com\/de\/geschaftsentwicklung-frankreich-oder-deutschland\/","title":{"rendered":"Gesch\u00e4ftsentwicklung in Frankreich oder Deutschland"},"content":{"rendered":"\n<div class=\"wp-block-columns bloc-2col-bg is-layout-flex wp-container-core-columns-is-layout-9d6595d7 wp-block-columns-is-layout-flex\">\n<div class=\"wp-block-column is-layout-flow wp-block-column-is-layout-flow\">\n<h2 class=\"wp-block-heading\" id=\"h-faire-plus-de-chiffre-oui-mais-le-developpement-d-une-entreprise-ne-se-resume-pas-seulement-aux-chiffres\">Mehr Umsatz erzielen, ja! <br>Aber Unternehmensentwicklung l\u00e4sst sich nicht nur auf Zahlen reduzieren<\/h2>\n\n\n\n<p id=\"h-developper-son-entreprise-en-france-ou-en-allemagne-ne-se-resume-pas-a-faire-plus-de-chiffre\">Es bedeutet, ein solides Wachstum zu strukturieren, das an die Besonderheiten jedes Marktes angepasst und auf Ihre internen Ressourcen abgestimmt ist.<\/p>\n\n\n\n<p>Zwischen kulturellen Unterschieden, regulatorischen Anforderungen, Kundenerwartungen und unterschiedlichen digitalen Reifegraden sind erfolgreiche Unternehmen diejenigen, die <strong>strategische Vision, operative Effizienz und Umsetzung vor Ort<\/strong> miteinander verbinden.<\/p>\n\n\n\n<div class=\"wp-block-buttons is-layout-flex wp-block-buttons-is-layout-flex\">\n<div class=\"wp-block-button\"><a class=\"wp-block-button__link wp-element-button\" href=\"https:\/\/stabnau.com\/de\/contact\/\">Ich m\u00f6chte begleitet werden<\/a><\/div>\n<\/div>\n<\/div>\n\n\n\n<div class=\"wp-block-column is-layout-flow wp-block-column-is-layout-flow\">\n<figure class=\"wp-block-image size-full border-radius demi-cercle right\"><img loading=\"lazy\" decoding=\"async\" width=\"500\" height=\"334\" src=\"https:\/\/stabnau.com\/wp-content\/uploads\/2026\/02\/analyzing-business-chart.webp\" alt=\"Sich \u00fcber den franz\u00f6sischen oder deutschen Markt informieren\" class=\"wp-image-8650\" srcset=\"https:\/\/stabnau.com\/wp-content\/uploads\/2026\/02\/analyzing-business-chart.webp 500w, https:\/\/stabnau.com\/wp-content\/uploads\/2026\/02\/analyzing-business-chart-300x200.webp 300w\" sizes=\"auto, (max-width: 500px) 100vw, 500px\" \/><\/figure>\n<\/div>\n<\/div>\n\n\n\n<hr class=\"wp-block-separator has-alpha-channel-opacity\"\/>\n\n\n\n<h2 class=\"wp-block-heading has-text-align-center\" id=\"h-developper-votre-entreprise-sur-le-marche-francais-ou-allemand-quels-sont-les-vrais-leviers-de-croissance\">Ihr Unternehmen auf dem franz\u00f6sischen oder deutschen Markt entwickeln: Was sind die echten Wachstumstreiber?<\/h2>\n\n\n\n<p class=\"has-text-align-center\">Die Entwicklung Ihrer Gesch\u00e4ftst\u00e4tigkeit in Frankreich oder Deutschland erfordert, gleichzeitig auf mehreren Ebenen zu handeln:<\/p>\n\n\n\n<hr class=\"wp-block-separator has-alpha-channel-opacity\"\/>\n\n\n\n<div class=\"wp-block-columns is-layout-flex wp-container-core-columns-is-layout-9d6595d7 wp-block-columns-is-layout-flex\">\n<div class=\"wp-block-column bloc-bg-orange is-layout-flow wp-block-column-is-layout-flow\">\n<h3 class=\"wp-block-heading has-text-align-center\" id=\"h-strategie-amp-positionnement-marche\"><strong>Strategie &amp; Marktpositionierung<\/strong><\/h3>\n\n\n\n<p class=\"has-text-align-center\">Passen Sie Ihr Angebot an lokale Erwartungen an und schaffen Sie einen klaren Wettbewerbsvorteil<\/p>\n\n\n<\/div>\n\n\n\n<div class=\"wp-block-column bloc-bg-orange is-layout-flow wp-block-column-is-layout-flow\">\n<h3 class=\"wp-block-heading has-text-align-center\" id=\"h-performance-commerciale\"><strong><strong>Vertriebsleistung<\/strong><\/strong><\/h3>\n\n\n\n<p class=\"has-text-align-center\">Strukturieren Sie Ihre Kundengewinnung und verbessern Sie Ihre Conversion-Rate<\/p>\n\n\n<\/div>\n\n\n\n<div class=\"wp-block-column bloc-bg-orange is-layout-flow wp-block-column-is-layout-flow\">\n<h3 class=\"wp-block-heading has-text-align-center\" id=\"h-organisation-interne\"><strong><strong>Interne Organisation<\/strong><\/strong><\/h3>\n\n\n\n<p class=\"has-text-align-center\">Optimieren Sie Ihre Prozesse, um Wachstum aufzufangen, ohne Chaos zu erzeugen<\/p>\n\n\n<\/div>\n\n\n\n<div class=\"wp-block-column bloc-bg-orange is-layout-flow wp-block-column-is-layout-flow\">\n<h3 class=\"wp-block-heading has-text-align-center\" id=\"h-digitalisation-amp-data\"><strong><strong>Digitalisierung &amp; Daten<\/strong><\/strong><\/h3>\n\n\n\n<p class=\"has-text-align-center\">Nutzen Sie Ihre digitalen Tools als Leistungshebel<br><\/p>\n\n\n<\/div>\n<\/div>\n\n\n\n<div style=\"height:26px\" aria-hidden=\"true\" class=\"wp-block-spacer\"><\/div>\n\n\n\n<hr class=\"wp-block-separator has-alpha-channel-opacity\"\/>\n\n\n\n<div style=\"height:25px\" aria-hidden=\"true\" class=\"wp-block-spacer\"><\/div>\n\n\n\n<div class=\"wp-block-columns is-layout-flex wp-container-core-columns-is-layout-9d6595d7 wp-block-columns-is-layout-flex\">\n<div class=\"wp-block-column is-layout-flow wp-block-column-is-layout-flow\" style=\"flex-basis:33.33%\">\n<h2 class=\"wp-block-heading\" id=\"h-nos-solutions-pour-developper-votre-entreprise-en-france-et-en-allemagne\">Unsere L\u00f6sungen zur Entwicklung Ihres Unternehmens in Frankreich und Deutschland<\/h2>\n\n\n\n<p>Denn Erfolg auf diesen M\u00e4rkten erfordert mehr als nur eine einfache Strategie.<\/p>\n<\/div>\n\n\n\n<div class=\"wp-block-column is-layout-flow wp-block-column-is-layout-flow\" style=\"flex-basis:66.66%\">\n<div class=\"wp-block-columns is-layout-flex wp-container-core-columns-is-layout-9d6595d7 wp-block-columns-is-layout-flex\">\n<div class=\"wp-block-column border-right is-layout-flow wp-block-column-is-layout-flow\">\n<h3 class=\"wp-block-heading\" id=\"h-diagnostic-strategique-360\"><strong><strong><strong>Strategische 360\u00b0-Diagnose  <\/strong><\/strong><\/strong><\/h3>\n\n\n\n<p>Sichern Sie Ihre Entwicklung ab<\/p>\n<\/div>\n\n\n\n<div class=\"wp-block-column border-right is-layout-flow wp-block-column-is-layout-flow\">\n<h3 class=\"wp-block-heading\" id=\"h-analyse-strategique-commerciale-nbsp\"><strong><strong>Strategische Vertriebsanalyse<\/strong>&nbsp;<\/strong><\/h3>\n\n\n\n<p>Steigern Sie Ihren Umsatz<\/p>\n<\/div>\n\n\n\n<div class=\"wp-block-column is-layout-flow wp-block-column-is-layout-flow\">\n<h3 class=\"wp-block-heading\" id=\"h-diagnostic-efficience\"><strong><strong>Effizienzdiagnose<\/strong><\/strong><\/h3>\n\n\n\n<p>Sparen Sie Zeit und verbessern Sie Ihre Produktivit\u00e4t<\/p>\n<\/div>\n<\/div>\n\n\n\n<div class=\"wp-block-columns is-layout-flex wp-container-core-columns-is-layout-9d6595d7 wp-block-columns-is-layout-flex\">\n<div class=\"wp-block-column is-layout-flow wp-block-column-is-layout-flow\">\n<h3 class=\"wp-block-heading\" id=\"h-diagnostic-numerique\"><strong><strong>Digitaldiagnose<\/strong><\/strong><\/h3>\n\n\n\n<p>Verwandeln Sie Ihre digitale Pr\u00e4senz in einen Wachstumstreiber<\/p>\n<\/div>\n<\/div>\n<\/div>\n<\/div>\n\n\n\n<hr class=\"wp-block-separator has-alpha-channel-opacity\"\/>\n\n\n\n<div class=\"wp-block-columns is-layout-flex wp-container-core-columns-is-layout-9d6595d7 wp-block-columns-is-layout-flex\">\n<div class=\"wp-block-column is-layout-flow wp-block-column-is-layout-flow\"><div class=\"wp-block-image\">\n<figure class=\"aligncenter size-full is-resized\"><img loading=\"lazy\" decoding=\"async\" width=\"500\" height=\"750\" src=\"https:\/\/stabnau.com\/wp-content\/uploads\/2026\/03\/AxelStabnau-683x1024-1.webp\" alt=\"Sich \u00fcber den franz\u00f6sischen oder deutschen Markt informieren\" class=\"wp-image-8865\" style=\"width:306px;height:auto\" srcset=\"https:\/\/stabnau.com\/wp-content\/uploads\/2026\/03\/AxelStabnau-683x1024-1.webp 500w, https:\/\/stabnau.com\/wp-content\/uploads\/2026\/03\/AxelStabnau-683x1024-1-200x300.webp 200w\" sizes=\"auto, (max-width: 500px) 100vw, 500px\" \/><\/figure>\n<\/div><\/div>\n\n\n\n<div class=\"wp-block-column is-layout-flow wp-block-column-is-layout-flow\">\n<h2 class=\"wp-block-heading\" id=\"h-un-cabinet-franco-allemand-pour-vous-informer-avec-precision-sur-le-marche-francais-et-ou-allemand\">Eine deutsch-franz\u00f6sische Beratung, um Sie pr\u00e4zise \u00fcber den franz\u00f6sischen und\/oder deutschen Markt zu informieren<\/h2>\n\n\n\n<p>Unsere Besonderheit ist die <strong>gleichzeitige Beherrschung beider M\u00e4rkte<\/strong>, des franz\u00f6sischen und des deutschen, mit einem zweisprachigen Team, das auf beiden Seiten des Rheins t\u00e4tig ist.<\/p>\n\n\n\n<p>Dank unseres <a href=\"https:\/\/stabnau.com\/de\/ueber-uns\/\" type=\"page\" id=\"6681\">Netzwerks lokaler Experten<\/a> sammeln wir Informationen aus der Praxis, die standardisierte Studien und KI nicht erfassen: branchenspezifische Praktiken, Einflussnetzwerke und kulturelle Codes, die bei Verhandlungen oder im Vertrieb den Unterschied machen.<\/p>\n\n\n\n<p>Ob Sie eine <strong><a href=\"https:\/\/stabnau.com\/information-marche-france-allemagne\/etude-marche-france\/\" type=\"page\" id=\"8709\">umfassende Marktstudie<\/a><\/strong>, eine <strong><a href=\"https:\/\/stabnau.com\/information-marche-france-allemagne\/etude-de-la-concurrence\/\" type=\"page\" id=\"8768\">gezielte Wettbewerbsanalyse<\/a><\/strong> oder eine <strong>kontinuierliche Marktbeobachtung<\/strong> ben\u00f6tigen \u2013 wir passen unsere Unterst\u00fctzung an Ihre Bed\u00fcrfnisse und Ihr Budget an.<\/p>\n<\/div>\n<\/div>\n\n\n\n<div style=\"height:100px\" aria-hidden=\"true\" class=\"wp-block-spacer\"><\/div>\n\n\n\n<div class=\"wp-block-columns bloc-cta is-layout-flex wp-container-core-columns-is-layout-9d6595d7 wp-block-columns-is-layout-flex\">\n<div class=\"wp-block-column is-layout-flow wp-block-column-is-layout-flow\">\n<h2 class=\"wp-block-heading has-text-align-center\" id=\"h-lassen-sie-uns-uber-ihr-projekt-sprechen\">Lassen Sie uns \u00fcber Ihr Projekt sprechen<\/h2>\n\n\n\n<p class=\"has-text-align-center\">Ihr Erfolg beginnt jetzt!<\/p>\n\n\n\n<div class=\"wp-block-columns is-layout-flex wp-container-core-columns-is-layout-9d6595d7 wp-block-columns-is-layout-flex\">\n<div class=\"wp-block-column is-layout-flow wp-block-column-is-layout-flow\">\n<div class=\"wp-block-buttons is-content-justification-right is-layout-flex wp-container-core-buttons-is-layout-765c4724 wp-block-buttons-is-layout-flex\">\n<div class=\"wp-block-button\"><a class=\"wp-block-button__link wp-element-button\" href=\"https:\/\/stabnau.com\/contact\/\">Ich buche online einen Termin.<\/a><\/div>\n<\/div>\n<\/div>\n\n\n\n<div class=\"wp-block-column is-layout-flow wp-block-column-is-layout-flow\">\n<div class=\"wp-block-buttons is-content-justification-left is-layout-flex wp-container-core-buttons-is-layout-fdcfc74e wp-block-buttons-is-layout-flex\">\n<div class=\"wp-block-button cta-tel\"><a class=\"wp-block-button__link wp-element-button\">Ich rufe jetzt an.<\/a><\/div>\n<\/div>\n<\/div>\n<\/div>\n<\/div>\n\n\n\n<div class=\"wp-block-column bloc-tel is-layout-flow wp-block-column-is-layout-flow\">\n<p class=\"has-text-align-center\">Haben Sie eine Frage? <br>Ben\u00f6tigen Sie weitere Informationen?<br><br>Wir antworten Ihnen umgehend.<br><br><strong>+33 3 69 02 31 85\u200b<\/strong><\/p>\n\n\n\n<figure class=\"wp-block-image size-full img-close\"><img loading=\"lazy\" decoding=\"async\" width=\"50\" height=\"50\" src=\"https:\/\/stabnau.com\/wp-content\/uploads\/2026\/01\/close-1.png\" alt=\"\" class=\"wp-image-8239\"\/><\/figure>\n<\/div>\n<\/div>\n","protected":false},"excerpt":{"rendered":"<p>Mehr Umsatz erzielen, ja! Aber Unternehmensentwicklung l\u00e4sst sich nicht nur auf Zahlen reduzieren Es bedeutet, ein solides Wachstum zu strukturieren, das an die Besonderheiten jedes Marktes angepasst und auf Ihre internen Ressourcen abgestimmt ist. Zwischen kulturellen Unterschieden, regulatorischen Anforderungen, Kundenerwartungen und unterschiedlichen digitalen Reifegraden sind erfolgreiche Unternehmen diejenigen, die strategische Vision, operative Effizienz und Umsetzung [&hellip;]<\/p>\n","protected":false},"author":6,"featured_media":0,"parent":0,"menu_order":0,"comment_status":"closed","ping_status":"closed","template":"","meta":{"footnotes":""},"class_list":["post-9059","page","type-page","status-publish","hentry"],"yoast_head":"<!-- This site is optimized with the Yoast SEO plugin v27.5 - https:\/\/yoast.com\/product\/yoast-seo-wordpress\/ -->\n<title>Gesch\u00e4ftsentwicklung in Frankreich oder Deutschland - Stabnau<\/title>\n<meta name=\"description\" content=\"Ihr Unternehmen auf dem franz\u00f6sischen oder deutschen Markt entwickeln : Was sind die echten Wachstumstreiber?\" \/>\n<meta name=\"robots\" content=\"index, follow, max-snippet:-1, max-image-preview:large, max-video-preview:-1\" \/>\n<link rel=\"canonical\" href=\"https:\/\/stabnau.com\/de\/geschaftsentwicklung-frankreich-oder-deutschland\/\" \/>\n<meta property=\"og:locale\" content=\"de_DE\" \/>\n<meta property=\"og:type\" content=\"article\" \/>\n<meta property=\"og:title\" content=\"Gesch\u00e4ftsentwicklung in Frankreich oder Deutschland - Stabnau\" \/>\n<meta property=\"og:description\" content=\"Ihr Unternehmen auf dem franz\u00f6sischen oder deutschen Markt entwickeln : Was sind die echten Wachstumstreiber?\" \/>\n<meta property=\"og:url\" content=\"https:\/\/stabnau.com\/de\/geschaftsentwicklung-frankreich-oder-deutschland\/\" \/>\n<meta property=\"og:site_name\" content=\"Stabnau\" \/>\n<meta property=\"article:modified_time\" content=\"2026-04-27T06:52:51+00:00\" \/>\n<meta property=\"og:image\" content=\"https:\/\/stabnau.com\/wp-content\/uploads\/2026\/02\/analyzing-business-chart.webp\" \/>\n\t<meta property=\"og:image:width\" content=\"500\" \/>\n\t<meta property=\"og:image:height\" content=\"334\" \/>\n\t<meta property=\"og:image:type\" content=\"image\/webp\" \/>\n<meta name=\"twitter:card\" content=\"summary_large_image\" \/>\n<meta name=\"twitter:label1\" content=\"Gesch\u00e4tzte Lesezeit\" \/>\n\t<meta name=\"twitter:data1\" content=\"3\u00a0Minuten\" \/>\n<script type=\"application\/ld+json\" class=\"yoast-schema-graph\">{\"@context\":\"https:\\\/\\\/schema.org\",\"@graph\":[{\"@type\":\"WebPage\",\"@id\":\"https:\\\/\\\/stabnau.com\\\/de\\\/geschaftsentwicklung-frankreich-oder-deutschland\\\/\",\"url\":\"https:\\\/\\\/stabnau.com\\\/de\\\/geschaftsentwicklung-frankreich-oder-deutschland\\\/\",\"name\":\"Gesch\u00e4ftsentwicklung in Frankreich oder Deutschland - Stabnau\",\"isPartOf\":{\"@id\":\"https:\\\/\\\/stabnau.com\\\/de\\\/#website\"},\"primaryImageOfPage\":{\"@id\":\"https:\\\/\\\/stabnau.com\\\/de\\\/geschaftsentwicklung-frankreich-oder-deutschland\\\/#primaryimage\"},\"image\":{\"@id\":\"https:\\\/\\\/stabnau.com\\\/de\\\/geschaftsentwicklung-frankreich-oder-deutschland\\\/#primaryimage\"},\"thumbnailUrl\":\"https:\\\/\\\/stabnau.com\\\/wp-content\\\/uploads\\\/2026\\\/02\\\/analyzing-business-chart.webp\",\"datePublished\":\"2026-04-15T10:38:06+00:00\",\"dateModified\":\"2026-04-27T06:52:51+00:00\",\"description\":\"Ihr Unternehmen auf dem franz\u00f6sischen oder deutschen Markt entwickeln : Was sind die echten Wachstumstreiber?\",\"breadcrumb\":{\"@id\":\"https:\\\/\\\/stabnau.com\\\/de\\\/geschaftsentwicklung-frankreich-oder-deutschland\\\/#breadcrumb\"},\"inLanguage\":\"de\",\"potentialAction\":[{\"@type\":\"ReadAction\",\"target\":[\"https:\\\/\\\/stabnau.com\\\/de\\\/geschaftsentwicklung-frankreich-oder-deutschland\\\/\"]}]},{\"@type\":\"ImageObject\",\"inLanguage\":\"de\",\"@id\":\"https:\\\/\\\/stabnau.com\\\/de\\\/geschaftsentwicklung-frankreich-oder-deutschland\\\/#primaryimage\",\"url\":\"https:\\\/\\\/stabnau.com\\\/wp-content\\\/uploads\\\/2026\\\/02\\\/analyzing-business-chart.webp\",\"contentUrl\":\"https:\\\/\\\/stabnau.com\\\/wp-content\\\/uploads\\\/2026\\\/02\\\/analyzing-business-chart.webp\"},{\"@type\":\"BreadcrumbList\",\"@id\":\"https:\\\/\\\/stabnau.com\\\/de\\\/geschaftsentwicklung-frankreich-oder-deutschland\\\/#breadcrumb\",\"itemListElement\":[{\"@type\":\"ListItem\",\"position\":1,\"name\":\"Accueil\",\"item\":\"https:\\\/\\\/stabnau.com\\\/de\\\/\"},{\"@type\":\"ListItem\",\"position\":2,\"name\":\"Gesch\u00e4ftsentwicklung in Frankreich oder Deutschland\"}]},{\"@type\":\"WebSite\",\"@id\":\"https:\\\/\\\/stabnau.com\\\/de\\\/#website\",\"url\":\"https:\\\/\\\/stabnau.com\\\/de\\\/\",\"name\":\"Stabnau\",\"description\":\"D\u00e9veloppement commercial franco-allemand\",\"publisher\":{\"@id\":\"https:\\\/\\\/stabnau.com\\\/de\\\/#organization\"},\"potentialAction\":[{\"@type\":\"SearchAction\",\"target\":{\"@type\":\"EntryPoint\",\"urlTemplate\":\"https:\\\/\\\/stabnau.com\\\/de\\\/?s={search_term_string}\"},\"query-input\":{\"@type\":\"PropertyValueSpecification\",\"valueRequired\":true,\"valueName\":\"search_term_string\"}}],\"inLanguage\":\"de\"},{\"@type\":\"Organization\",\"@id\":\"https:\\\/\\\/stabnau.com\\\/de\\\/#organization\",\"name\":\"Stabnau\",\"url\":\"https:\\\/\\\/stabnau.com\\\/de\\\/\",\"logo\":{\"@type\":\"ImageObject\",\"inLanguage\":\"de\",\"@id\":\"https:\\\/\\\/stabnau.com\\\/de\\\/#\\\/schema\\\/logo\\\/image\\\/\",\"url\":\"https:\\\/\\\/stabnau.com\\\/wp-content\\\/uploads\\\/2022\\\/01\\\/cropped-Stabnau_logo-Stabnau-Business-development.png\",\"contentUrl\":\"https:\\\/\\\/stabnau.com\\\/wp-content\\\/uploads\\\/2022\\\/01\\\/cropped-Stabnau_logo-Stabnau-Business-development.png\",\"width\":1601,\"height\":426,\"caption\":\"Stabnau\"},\"image\":{\"@id\":\"https:\\\/\\\/stabnau.com\\\/de\\\/#\\\/schema\\\/logo\\\/image\\\/\"}}]}<\/script>\n<!-- \/ Yoast SEO plugin. -->","yoast_head_json":{"title":"Gesch\u00e4ftsentwicklung in Frankreich oder Deutschland - Stabnau","description":"Ihr Unternehmen auf dem franz\u00f6sischen oder deutschen Markt entwickeln : Was sind die echten Wachstumstreiber?","robots":{"index":"index","follow":"follow","max-snippet":"max-snippet:-1","max-image-preview":"max-image-preview:large","max-video-preview":"max-video-preview:-1"},"canonical":"https:\/\/stabnau.com\/de\/geschaftsentwicklung-frankreich-oder-deutschland\/","og_locale":"de_DE","og_type":"article","og_title":"Gesch\u00e4ftsentwicklung in Frankreich oder Deutschland - Stabnau","og_description":"Ihr Unternehmen auf dem franz\u00f6sischen oder deutschen Markt entwickeln : Was sind die echten Wachstumstreiber?","og_url":"https:\/\/stabnau.com\/de\/geschaftsentwicklung-frankreich-oder-deutschland\/","og_site_name":"Stabnau","article_modified_time":"2026-04-27T06:52:51+00:00","og_image":[{"width":500,"height":334,"url":"https:\/\/stabnau.com\/wp-content\/uploads\/2026\/02\/analyzing-business-chart.webp","type":"image\/webp"}],"twitter_card":"summary_large_image","twitter_misc":{"Gesch\u00e4tzte Lesezeit":"3\u00a0Minuten"},"schema":{"@context":"https:\/\/schema.org","@graph":[{"@type":"WebPage","@id":"https:\/\/stabnau.com\/de\/geschaftsentwicklung-frankreich-oder-deutschland\/","url":"https:\/\/stabnau.com\/de\/geschaftsentwicklung-frankreich-oder-deutschland\/","name":"Gesch\u00e4ftsentwicklung in Frankreich oder Deutschland - Stabnau","isPartOf":{"@id":"https:\/\/stabnau.com\/de\/#website"},"primaryImageOfPage":{"@id":"https:\/\/stabnau.com\/de\/geschaftsentwicklung-frankreich-oder-deutschland\/#primaryimage"},"image":{"@id":"https:\/\/stabnau.com\/de\/geschaftsentwicklung-frankreich-oder-deutschland\/#primaryimage"},"thumbnailUrl":"https:\/\/stabnau.com\/wp-content\/uploads\/2026\/02\/analyzing-business-chart.webp","datePublished":"2026-04-15T10:38:06+00:00","dateModified":"2026-04-27T06:52:51+00:00","description":"Ihr Unternehmen auf dem franz\u00f6sischen oder deutschen Markt entwickeln : Was sind die echten Wachstumstreiber?","breadcrumb":{"@id":"https:\/\/stabnau.com\/de\/geschaftsentwicklung-frankreich-oder-deutschland\/#breadcrumb"},"inLanguage":"de","potentialAction":[{"@type":"ReadAction","target":["https:\/\/stabnau.com\/de\/geschaftsentwicklung-frankreich-oder-deutschland\/"]}]},{"@type":"ImageObject","inLanguage":"de","@id":"https:\/\/stabnau.com\/de\/geschaftsentwicklung-frankreich-oder-deutschland\/#primaryimage","url":"https:\/\/stabnau.com\/wp-content\/uploads\/2026\/02\/analyzing-business-chart.webp","contentUrl":"https:\/\/stabnau.com\/wp-content\/uploads\/2026\/02\/analyzing-business-chart.webp"},{"@type":"BreadcrumbList","@id":"https:\/\/stabnau.com\/de\/geschaftsentwicklung-frankreich-oder-deutschland\/#breadcrumb","itemListElement":[{"@type":"ListItem","position":1,"name":"Accueil","item":"https:\/\/stabnau.com\/de\/"},{"@type":"ListItem","position":2,"name":"Gesch\u00e4ftsentwicklung in Frankreich oder Deutschland"}]},{"@type":"WebSite","@id":"https:\/\/stabnau.com\/de\/#website","url":"https:\/\/stabnau.com\/de\/","name":"Stabnau","description":"D\u00e9veloppement commercial franco-allemand","publisher":{"@id":"https:\/\/stabnau.com\/de\/#organization"},"potentialAction":[{"@type":"SearchAction","target":{"@type":"EntryPoint","urlTemplate":"https:\/\/stabnau.com\/de\/?s={search_term_string}"},"query-input":{"@type":"PropertyValueSpecification","valueRequired":true,"valueName":"search_term_string"}}],"inLanguage":"de"},{"@type":"Organization","@id":"https:\/\/stabnau.com\/de\/#organization","name":"Stabnau","url":"https:\/\/stabnau.com\/de\/","logo":{"@type":"ImageObject","inLanguage":"de","@id":"https:\/\/stabnau.com\/de\/#\/schema\/logo\/image\/","url":"https:\/\/stabnau.com\/wp-content\/uploads\/2022\/01\/cropped-Stabnau_logo-Stabnau-Business-development.png","contentUrl":"https:\/\/stabnau.com\/wp-content\/uploads\/2022\/01\/cropped-Stabnau_logo-Stabnau-Business-development.png","width":1601,"height":426,"caption":"Stabnau"},"image":{"@id":"https:\/\/stabnau.com\/de\/#\/schema\/logo\/image\/"}}]}},"_links":{"self":[{"href":"https:\/\/stabnau.com\/de\/wp-json\/wp\/v2\/pages\/9059","targetHints":{"allow":["GET"]}}],"collection":[{"href":"https:\/\/stabnau.com\/de\/wp-json\/wp\/v2\/pages"}],"about":[{"href":"https:\/\/stabnau.com\/de\/wp-json\/wp\/v2\/types\/page"}],"author":[{"embeddable":true,"href":"https:\/\/stabnau.com\/de\/wp-json\/wp\/v2\/users\/6"}],"replies":[{"embeddable":true,"href":"https:\/\/stabnau.com\/de\/wp-json\/wp\/v2\/comments?post=9059"}],"version-history":[{"count":2,"href":"https:\/\/stabnau.com\/de\/wp-json\/wp\/v2\/pages\/9059\/revisions"}],"predecessor-version":[{"id":9062,"href":"https:\/\/stabnau.com\/de\/wp-json\/wp\/v2\/pages\/9059\/revisions\/9062"}],"wp:attachment":[{"href":"https:\/\/stabnau.com\/de\/wp-json\/wp\/v2\/media?parent=9059"}],"curies":[{"name":"wp","href":"https:\/\/api.w.org\/{rel}","templated":true}]}}